{"id":92053,"date":"2025-12-02T18:27:39","date_gmt":"2025-12-02T17:27:39","guid":{"rendered":"https:\/\/www.hirtenberg-apotheke.at\/katalog\/produkt\/biofit-hildegard-kekspulver-mischung-100-g\/"},"modified":"2025-12-02T18:27:46","modified_gmt":"2025-12-02T17:27:46","slug":"biofit-hildegard-kekspulver-mischung-100-g","status":"publish","type":"product","link":"https:\/\/www.hirtenberg-apotheke.at\/katalog\/produkt\/biofit-hildegard-kekspulver-mischung-100-g\/","title":{"rendered":"Biofit Hildegard Kekspulver Mischung 100 g"},"content":{"rendered":"<p>Biofit Hildegard Kekspulver Mischung dient zur Herstellung der klassischen Hildegard von Bingen Gew\u00fcrzkekse. Nach der Hildegard von Bingen Lehre mindern die Kekse die &#8222;Schads\u00e4fte&#8220; im K\u00f6rper und besitzen einen aufweckenden Geschmack. Einfach zu backen und auch k\u00f6stlich zu genie\u00dfen.<\/p>\n","protected":false},"excerpt":{"rendered":"<p>Biofit Hildegard Kekspulver Mischung dient zur Herstellung der klassischen Hildegard von Bingen Gew\u00fcrzkekse. Nach der Hildegard von Bingen Lehre mindern die Kekse die &#8222;Schads\u00e4fte&#8220; im K\u00f6rper und besitzen einen aufweckenden Geschmack. Einfach zu backen und auch k\u00f6stlich zu genie\u00dfen.<\/p>\n","protected":false},"featured_media":92055,"template":"","meta":{"_acf_changed":false},"product_brand":[1441],"product_cat":[292],"product_tag":[],"class_list":{"0":"post-92053","1":"product","2":"type-product","3":"status-publish","4":"has-post-thumbnail","6":"product_brand-biofit","7":"product_cat-b","8":"pa_packungsgroesse-100g","10":"first","11":"instock","12":"shipping-taxable","13":"purchasable","14":"product-type-simple"},"acf":[],"_links":{"self":[{"href":"https:\/\/www.hirtenberg-apotheke.at\/katalog\/wp-json\/wp\/v2\/product\/92053","targetHints":{"allow":["GET"]}}],"collection":[{"href":"https:\/\/www.hirtenberg-apotheke.at\/katalog\/wp-json\/wp\/v2\/product"}],"about":[{"href":"https:\/\/www.hirtenberg-apotheke.at\/katalog\/wp-json\/wp\/v2\/types\/product"}],"wp:featuredmedia":[{"embeddable":true,"href":"https:\/\/www.hirtenberg-apotheke.at\/katalog\/wp-json\/wp\/v2\/media\/92055"}],"wp:attachment":[{"href":"https:\/\/www.hirtenberg-apotheke.at\/katalog\/wp-json\/wp\/v2\/media?parent=92053"}],"wp:term":[{"taxonomy":"product_brand","embeddable":true,"href":"https:\/\/www.hirtenberg-apotheke.at\/katalog\/wp-json\/wp\/v2\/product_brand?post=92053"},{"taxonomy":"product_cat","embeddable":true,"href":"https:\/\/www.hirtenberg-apotheke.at\/katalog\/wp-json\/wp\/v2\/product_cat?post=92053"},{"taxonomy":"product_tag","embeddable":true,"href":"https:\/\/www.hirtenberg-apotheke.at\/katalog\/wp-json\/wp\/v2\/product_tag?post=92053"}],"curies":[{"name":"wp","href":"https:\/\/api.w.org\/{rel}","templated":true}]}}