{"id":92061,"date":"2025-12-02T18:27:48","date_gmt":"2025-12-02T17:27:48","guid":{"rendered":"https:\/\/www.hirtenberg-apotheke.at\/katalog\/produkt\/biofit-hildegard-kubebenpfeffer-ganz-50-g\/"},"modified":"2025-12-02T18:27:51","modified_gmt":"2025-12-02T17:27:51","slug":"biofit-hildegard-kubebenpfeffer-ganz-50-g","status":"publish","type":"product","link":"https:\/\/www.hirtenberg-apotheke.at\/katalog\/produkt\/biofit-hildegard-kubebenpfeffer-ganz-50-g\/","title":{"rendered":"Biofit Hildegard Kubebenpfeffer ganz 50 g"},"content":{"rendered":"<p>Biofit Hildegard Kubebenpfeffer ganz wirkt nach Hildgard von Bingen bei schwachen Nerven und steigert die geistige Schaffenskraft. Das Produkt gibt au\u00dferdem Ausgleich bei Hitzeattacken und spendet dar\u00fcber hinaus Energie, Fr\u00f6hlichkeit und Genialit\u00e4t.<\/p>\n","protected":false},"excerpt":{"rendered":"<p>Biofit Hildegard Kubebenpfeffer ganz wirkt nach Hildgard von Bingen bei schwachen Nerven und steigert die geistige Schaffenskraft. Das Produkt gibt au\u00dferdem Ausgleich bei Hitzeattacken und spendet dar\u00fcber hinaus Energie, Fr\u00f6hlichkeit und Genialit\u00e4t.<\/p>\n","protected":false},"featured_media":0,"template":"","meta":{"_acf_changed":false},"product_brand":[1441],"product_cat":[292],"product_tag":[],"class_list":{"0":"post-92061","1":"product","2":"type-product","3":"status-publish","5":"product_brand-biofit","6":"product_cat-b","7":"pa_packungsgroesse-50g","9":"first","10":"instock","11":"shipping-taxable","12":"purchasable","13":"product-type-simple"},"acf":[],"_links":{"self":[{"href":"https:\/\/www.hirtenberg-apotheke.at\/katalog\/wp-json\/wp\/v2\/product\/92061","targetHints":{"allow":["GET"]}}],"collection":[{"href":"https:\/\/www.hirtenberg-apotheke.at\/katalog\/wp-json\/wp\/v2\/product"}],"about":[{"href":"https:\/\/www.hirtenberg-apotheke.at\/katalog\/wp-json\/wp\/v2\/types\/product"}],"wp:attachment":[{"href":"https:\/\/www.hirtenberg-apotheke.at\/katalog\/wp-json\/wp\/v2\/media?parent=92061"}],"wp:term":[{"taxonomy":"product_brand","embeddable":true,"href":"https:\/\/www.hirtenberg-apotheke.at\/katalog\/wp-json\/wp\/v2\/product_brand?post=92061"},{"taxonomy":"product_cat","embeddable":true,"href":"https:\/\/www.hirtenberg-apotheke.at\/katalog\/wp-json\/wp\/v2\/product_cat?post=92061"},{"taxonomy":"product_tag","embeddable":true,"href":"https:\/\/www.hirtenberg-apotheke.at\/katalog\/wp-json\/wp\/v2\/product_tag?post=92061"}],"curies":[{"name":"wp","href":"https:\/\/api.w.org\/{rel}","templated":true}]}}