{"id":92111,"date":"2025-12-02T18:29:09","date_gmt":"2025-12-02T17:29:09","guid":{"rendered":"https:\/\/www.hirtenberg-apotheke.at\/katalog\/produkt\/biofit-hildegard-pflaumlau-hw-200-ml\/"},"modified":"2025-12-02T18:29:26","modified_gmt":"2025-12-02T17:29:26","slug":"biofit-hildegard-pflaumlau-hw-200-ml","status":"publish","type":"product","link":"https:\/\/www.hirtenberg-apotheke.at\/katalog\/produkt\/biofit-hildegard-pflaumlau-hw-200-ml\/","title":{"rendered":"Biofit Hildegard PFLAUMLAU HW 200 ml"},"content":{"rendered":"<p>Biofit Hildegard PFLAUMLAU HW ist eine nat\u00fcrliche Pflege f\u00fcr Haare und Kopfhaut. Massieren Sie das Pflaumen-Haarwasser nach der Haarw\u00e4sche sanft in das feuchte Haar ein. Lassen Sie es kurz einwirken und sp\u00fclen Sie es anschlie\u00dfen gut aus. F\u00fcr ein gl\u00e4nzendes und gesund aussehendes Haar.<\/p>\n","protected":false},"excerpt":{"rendered":"<p>Biofit Hildegard PFLAUMLAU HW ist eine nat\u00fcrliche Pflege f\u00fcr Haare und Kopfhaut. Massieren Sie das Pflaumen-Haarwasser nach der Haarw\u00e4sche sanft in das feuchte Haar ein. Lassen Sie es kurz einwirken und sp\u00fclen Sie es anschlie\u00dfen gut aus. F\u00fcr ein gl\u00e4nzendes und gesund aussehendes Haar.<\/p>\n","protected":false},"featured_media":92113,"template":"","meta":{"_acf_changed":false},"product_brand":[1441],"product_cat":[292],"product_tag":[],"class_list":{"0":"post-92111","1":"product","2":"type-product","3":"status-publish","4":"has-post-thumbnail","6":"product_brand-biofit","7":"product_cat-b","8":"pa_packungsgroesse-200ml","10":"first","11":"instock","12":"shipping-taxable","13":"purchasable","14":"product-type-simple"},"acf":[],"_links":{"self":[{"href":"https:\/\/www.hirtenberg-apotheke.at\/katalog\/wp-json\/wp\/v2\/product\/92111","targetHints":{"allow":["GET"]}}],"collection":[{"href":"https:\/\/www.hirtenberg-apotheke.at\/katalog\/wp-json\/wp\/v2\/product"}],"about":[{"href":"https:\/\/www.hirtenberg-apotheke.at\/katalog\/wp-json\/wp\/v2\/types\/product"}],"wp:featuredmedia":[{"embeddable":true,"href":"https:\/\/www.hirtenberg-apotheke.at\/katalog\/wp-json\/wp\/v2\/media\/92113"}],"wp:attachment":[{"href":"https:\/\/www.hirtenberg-apotheke.at\/katalog\/wp-json\/wp\/v2\/media?parent=92111"}],"wp:term":[{"taxonomy":"product_brand","embeddable":true,"href":"https:\/\/www.hirtenberg-apotheke.at\/katalog\/wp-json\/wp\/v2\/product_brand?post=92111"},{"taxonomy":"product_cat","embeddable":true,"href":"https:\/\/www.hirtenberg-apotheke.at\/katalog\/wp-json\/wp\/v2\/product_cat?post=92111"},{"taxonomy":"product_tag","embeddable":true,"href":"https:\/\/www.hirtenberg-apotheke.at\/katalog\/wp-json\/wp\/v2\/product_tag?post=92111"}],"curies":[{"name":"wp","href":"https:\/\/api.w.org\/{rel}","templated":true}]}}