{"id":92160,"date":"2025-12-02T18:31:02","date_gmt":"2025-12-02T17:31:02","guid":{"rendered":"https:\/\/www.hirtenberg-apotheke.at\/katalog\/produkt\/biofit-hildegard-pilogrip-duftspray-10-ml\/"},"modified":"2025-12-02T18:31:20","modified_gmt":"2025-12-02T17:31:20","slug":"biofit-hildegard-pilogrip-duftspray-10-ml","status":"publish","type":"product","link":"https:\/\/www.hirtenberg-apotheke.at\/katalog\/produkt\/biofit-hildegard-pilogrip-duftspray-10-ml\/","title":{"rendered":"Biofit Hildegard Pilogrip Duftspray 10 ml"},"content":{"rendered":"<p>Biofit Hildegard Pilogrip Duftspray enth\u00e4lt die \u00e4therischen \u00d6len des Pelargoni-Mischpulvers. Besonders zu empfehlen ist dieser Raumspray f\u00fcr Pollen-Allergiker sowie in der kalten Jahreszeit. Spr\u00fchen Sie den Spray in den Wohnraum, ins Auto oder auf den Kopfpolster. Der wohltuende Duft ist angenehm und befreiend. F\u00fcr ein befreites Durchatmen.<\/p>\n","protected":false},"excerpt":{"rendered":"<p>Biofit Hildegard Pilogrip Duftspray enth\u00e4lt die \u00e4therischen \u00d6len des Pelargoni-Mischpulvers. Besonders zu empfehlen ist dieser Raumspray f\u00fcr Pollen-Allergiker sowie in der kalten Jahreszeit. Spr\u00fchen Sie den Spray in den Wohnraum, ins Auto oder auf den Kopfpolster. Der wohltuende Duft ist angenehm und befreiend. F\u00fcr ein befreites Durchatmen.<\/p>\n","protected":false},"featured_media":92162,"template":"","meta":{"_acf_changed":false},"product_brand":[1441],"product_cat":[292],"product_tag":[],"class_list":{"0":"post-92160","1":"product","2":"type-product","3":"status-publish","4":"has-post-thumbnail","6":"product_brand-biofit","7":"product_cat-b","8":"pa_packungsgroesse-10ml","10":"first","11":"instock","12":"shipping-taxable","13":"purchasable","14":"product-type-simple"},"acf":[],"_links":{"self":[{"href":"https:\/\/www.hirtenberg-apotheke.at\/katalog\/wp-json\/wp\/v2\/product\/92160","targetHints":{"allow":["GET"]}}],"collection":[{"href":"https:\/\/www.hirtenberg-apotheke.at\/katalog\/wp-json\/wp\/v2\/product"}],"about":[{"href":"https:\/\/www.hirtenberg-apotheke.at\/katalog\/wp-json\/wp\/v2\/types\/product"}],"wp:featuredmedia":[{"embeddable":true,"href":"https:\/\/www.hirtenberg-apotheke.at\/katalog\/wp-json\/wp\/v2\/media\/92162"}],"wp:attachment":[{"href":"https:\/\/www.hirtenberg-apotheke.at\/katalog\/wp-json\/wp\/v2\/media?parent=92160"}],"wp:term":[{"taxonomy":"product_brand","embeddable":true,"href":"https:\/\/www.hirtenberg-apotheke.at\/katalog\/wp-json\/wp\/v2\/product_brand?post=92160"},{"taxonomy":"product_cat","embeddable":true,"href":"https:\/\/www.hirtenberg-apotheke.at\/katalog\/wp-json\/wp\/v2\/product_cat?post=92160"},{"taxonomy":"product_tag","embeddable":true,"href":"https:\/\/www.hirtenberg-apotheke.at\/katalog\/wp-json\/wp\/v2\/product_tag?post=92160"}],"curies":[{"name":"wp","href":"https:\/\/api.w.org\/{rel}","templated":true}]}}