{"id":92184,"date":"2025-12-02T18:31:40","date_gmt":"2025-12-02T17:31:40","guid":{"rendered":"https:\/\/www.hirtenberg-apotheke.at\/katalog\/produkt\/biofit-hildegard-delikatess-suppe-bio-400-g\/"},"modified":"2025-12-02T18:32:04","modified_gmt":"2025-12-02T17:32:04","slug":"biofit-hildegard-delikatess-suppe-bio-400-g","status":"publish","type":"product","link":"https:\/\/www.hirtenberg-apotheke.at\/katalog\/produkt\/biofit-hildegard-delikatess-suppe-bio-400-g\/","title":{"rendered":"Biofit Hildegard Delikatess Suppe Bio 400 g"},"content":{"rendered":"<p>Biofit Hildegard Delikatess Suppe Bio 400 g ist ein wahrer K\u00fcchenklassiker. Er bildet eine gesunde Basis f\u00fcr hausgemachte Suppen oder eine kleine Zwischenmahlzeit. Auch geeignet zum W\u00fcrzen oder Verfeinern. F\u00fcr Veganer geeignet.<\/p>\n","protected":false},"excerpt":{"rendered":"<p>Biofit Hildegard Delikatess Suppe Bio 400 g ist ein wahrer K\u00fcchenklassiker. Er bildet eine gesunde Basis f\u00fcr hausgemachte Suppen oder eine kleine Zwischenmahlzeit. Auch geeignet zum W\u00fcrzen oder Verfeinern. F\u00fcr Veganer geeignet.<\/p>\n","protected":false},"featured_media":92186,"template":"","meta":{"_acf_changed":false},"product_brand":[1441],"product_cat":[292],"product_tag":[],"class_list":{"0":"post-92184","1":"product","2":"type-product","3":"status-publish","4":"has-post-thumbnail","6":"product_brand-biofit","7":"product_cat-b","8":"pa_packungsgroesse-360g","10":"first","11":"instock","12":"shipping-taxable","13":"purchasable","14":"product-type-simple"},"acf":[],"_links":{"self":[{"href":"https:\/\/www.hirtenberg-apotheke.at\/katalog\/wp-json\/wp\/v2\/product\/92184","targetHints":{"allow":["GET"]}}],"collection":[{"href":"https:\/\/www.hirtenberg-apotheke.at\/katalog\/wp-json\/wp\/v2\/product"}],"about":[{"href":"https:\/\/www.hirtenberg-apotheke.at\/katalog\/wp-json\/wp\/v2\/types\/product"}],"wp:featuredmedia":[{"embeddable":true,"href":"https:\/\/www.hirtenberg-apotheke.at\/katalog\/wp-json\/wp\/v2\/media\/92186"}],"wp:attachment":[{"href":"https:\/\/www.hirtenberg-apotheke.at\/katalog\/wp-json\/wp\/v2\/media?parent=92184"}],"wp:term":[{"taxonomy":"product_brand","embeddable":true,"href":"https:\/\/www.hirtenberg-apotheke.at\/katalog\/wp-json\/wp\/v2\/product_brand?post=92184"},{"taxonomy":"product_cat","embeddable":true,"href":"https:\/\/www.hirtenberg-apotheke.at\/katalog\/wp-json\/wp\/v2\/product_cat?post=92184"},{"taxonomy":"product_tag","embeddable":true,"href":"https:\/\/www.hirtenberg-apotheke.at\/katalog\/wp-json\/wp\/v2\/product_tag?post=92184"}],"curies":[{"name":"wp","href":"https:\/\/api.w.org\/{rel}","templated":true}]}}