{"id":92220,"date":"2025-12-02T18:33:05","date_gmt":"2025-12-02T17:33:05","guid":{"rendered":"https:\/\/www.hirtenberg-apotheke.at\/katalog\/produkt\/biofit-hildegard-wegerich-spray-50-ml\/"},"modified":"2025-12-02T18:33:24","modified_gmt":"2025-12-02T17:33:24","slug":"biofit-hildegard-wegerich-spray-50-ml","status":"publish","type":"product","link":"https:\/\/www.hirtenberg-apotheke.at\/katalog\/produkt\/biofit-hildegard-wegerich-spray-50-ml\/","title":{"rendered":"Biofit Hildegard Wegerich Spray 50 ml"},"content":{"rendered":"<p>Biofit Hildegard Wegerich Spray sollte in keinem Haushalt und in keiner Handtasche fehlen. Das Mittel gegen Insektenstiche einfach auf die betroffene Stelle spr\u00fchen und die wohltuende Wirkung sp\u00fcren. Wenn zur Hand, kann alternativ frischer Spitzwegerich verwendet werden. Dazu einfach mehrere Pfl\u00e4nzchen pfl\u00fccken. Den gewonnenen Pflanzensaft salbt man dann direkt \u00fcber die Stichstelle.<\/p>\n","protected":false},"excerpt":{"rendered":"<p>Biofit Hildegard Wegerich Spray sollte in keinem Haushalt und in keiner Handtasche fehlen. Das Mittel gegen Insektenstiche einfach auf die betroffene Stelle spr\u00fchen und die wohltuende Wirkung sp\u00fcren. Wenn zur Hand, kann alternativ frischer Spitzwegerich verwendet werden. Dazu einfach mehrere Pfl\u00e4nzchen pfl\u00fccken. Den gewonnenen Pflanzensaft salbt man dann direkt \u00fcber die Stichstelle.<\/p>\n","protected":false},"featured_media":92222,"template":"","meta":{"_acf_changed":false},"product_brand":[1441],"product_cat":[292],"product_tag":[],"class_list":{"0":"post-92220","1":"product","2":"type-product","3":"status-publish","4":"has-post-thumbnail","6":"product_brand-biofit","7":"product_cat-b","8":"pa_packungsgroesse-50ml","10":"first","11":"instock","12":"shipping-taxable","13":"purchasable","14":"product-type-simple"},"acf":[],"_links":{"self":[{"href":"https:\/\/www.hirtenberg-apotheke.at\/katalog\/wp-json\/wp\/v2\/product\/92220","targetHints":{"allow":["GET"]}}],"collection":[{"href":"https:\/\/www.hirtenberg-apotheke.at\/katalog\/wp-json\/wp\/v2\/product"}],"about":[{"href":"https:\/\/www.hirtenberg-apotheke.at\/katalog\/wp-json\/wp\/v2\/types\/product"}],"wp:featuredmedia":[{"embeddable":true,"href":"https:\/\/www.hirtenberg-apotheke.at\/katalog\/wp-json\/wp\/v2\/media\/92222"}],"wp:attachment":[{"href":"https:\/\/www.hirtenberg-apotheke.at\/katalog\/wp-json\/wp\/v2\/media?parent=92220"}],"wp:term":[{"taxonomy":"product_brand","embeddable":true,"href":"https:\/\/www.hirtenberg-apotheke.at\/katalog\/wp-json\/wp\/v2\/product_brand?post=92220"},{"taxonomy":"product_cat","embeddable":true,"href":"https:\/\/www.hirtenberg-apotheke.at\/katalog\/wp-json\/wp\/v2\/product_cat?post=92220"},{"taxonomy":"product_tag","embeddable":true,"href":"https:\/\/www.hirtenberg-apotheke.at\/katalog\/wp-json\/wp\/v2\/product_tag?post=92220"}],"curies":[{"name":"wp","href":"https:\/\/api.w.org\/{rel}","templated":true}]}}