{"id":92368,"date":"2025-12-02T18:36:12","date_gmt":"2025-12-02T17:36:12","guid":{"rendered":"https:\/\/www.hirtenberg-apotheke.at\/katalog\/produkt\/veroval-duo-control-blutdruckmessgeraet-32-42cm-1-stk\/"},"modified":"2025-12-02T18:36:28","modified_gmt":"2025-12-02T17:36:28","slug":"veroval-duo-control-blutdruckmessgeraet-32-42cm-1-stk","status":"publish","type":"product","link":"https:\/\/www.hirtenberg-apotheke.at\/katalog\/produkt\/veroval-duo-control-blutdruckmessgeraet-32-42cm-1-stk\/","title":{"rendered":"Veroval Duo Control Blutdruckmessger\u00e4t 32-42cm 1 Stk."},"content":{"rendered":"<p>Beim ersten Auftragen 2 Minuten einwirken lassen und dann aussp\u00fclen. Bei den folgenden Haarw\u00e4schen einmassieren und aussp\u00fclen. Das Shampoo sollte 4 Wochen lang als Kur oder ganzj\u00e4hrig mindestens 2 mal pro Woche angewandt werden.Kontakt mit den Augen und<\/p>\n","protected":false},"excerpt":{"rendered":"<p>Beim ersten Auftragen 2 Minuten einwirken lassen und dann aussp\u00fclen. Bei den folgenden Haarw\u00e4schen einmassieren und aussp\u00fclen. Das Shampoo sollte 4 Wochen lang als Kur oder ganzj\u00e4hrig mindestens 2 mal pro Woche angewandt werden.Kontakt mit den Augen und<\/p>\n","protected":false},"featured_media":92370,"template":"","meta":{"_acf_changed":false},"product_brand":[],"product_cat":[300],"product_tag":[],"class_list":{"0":"post-92368","1":"product","2":"type-product","3":"status-publish","4":"has-post-thumbnail","6":"product_cat-v","7":"pa_packungsgroesse-1-stueck","9":"first","10":"instock","11":"shipping-taxable","12":"purchasable","13":"product-type-simple"},"acf":[],"_links":{"self":[{"href":"https:\/\/www.hirtenberg-apotheke.at\/katalog\/wp-json\/wp\/v2\/product\/92368","targetHints":{"allow":["GET"]}}],"collection":[{"href":"https:\/\/www.hirtenberg-apotheke.at\/katalog\/wp-json\/wp\/v2\/product"}],"about":[{"href":"https:\/\/www.hirtenberg-apotheke.at\/katalog\/wp-json\/wp\/v2\/types\/product"}],"wp:featuredmedia":[{"embeddable":true,"href":"https:\/\/www.hirtenberg-apotheke.at\/katalog\/wp-json\/wp\/v2\/media\/92370"}],"wp:attachment":[{"href":"https:\/\/www.hirtenberg-apotheke.at\/katalog\/wp-json\/wp\/v2\/media?parent=92368"}],"wp:term":[{"taxonomy":"product_brand","embeddable":true,"href":"https:\/\/www.hirtenberg-apotheke.at\/katalog\/wp-json\/wp\/v2\/product_brand?post=92368"},{"taxonomy":"product_cat","embeddable":true,"href":"https:\/\/www.hirtenberg-apotheke.at\/katalog\/wp-json\/wp\/v2\/product_cat?post=92368"},{"taxonomy":"product_tag","embeddable":true,"href":"https:\/\/www.hirtenberg-apotheke.at\/katalog\/wp-json\/wp\/v2\/product_tag?post=92368"}],"curies":[{"name":"wp","href":"https:\/\/api.w.org\/{rel}","templated":true}]}}