{"id":92510,"date":"2025-12-02T18:39:04","date_gmt":"2025-12-02T17:39:04","guid":{"rendered":"https:\/\/www.hirtenberg-apotheke.at\/katalog\/produkt\/bromex-refill-150-ml\/"},"modified":"2025-12-02T18:39:05","modified_gmt":"2025-12-02T17:39:05","slug":"bromex-refill-150-ml","status":"publish","type":"product","link":"https:\/\/www.hirtenberg-apotheke.at\/katalog\/produkt\/bromex-refill-150-ml\/","title":{"rendered":"Bromex Refill 150 ml"},"content":{"rendered":"<p>Bromex Refill wird als Waschschaum mindestens 2x am Tag direkt vor der t\u00e4glichen Hygiene angewendet. Der Schaum kann auch bei sensibler Haut oder an empfindlichen K\u00f6rperstellen eingesetzt werden. Durch die sehr gute Hautvertr\u00e4glichkeit eignet er sich insbesonders f\u00fcr feminine Hauttypen, Jugendliche und auch Kinder.<\/p>\n","protected":false},"excerpt":{"rendered":"<p>Bromex Refill wird als Waschschaum mindestens 2x am Tag direkt vor der t\u00e4glichen Hygiene angewendet. Der Schaum kann auch bei sensibler Haut oder an empfindlichen K\u00f6rperstellen eingesetzt werden. Durch die sehr gute Hautvertr\u00e4glichkeit eignet er sich insbesonders f\u00fcr feminine Hauttypen, Jugendliche und auch Kinder.<\/p>\n","protected":false},"featured_media":0,"template":"","meta":{"_acf_changed":false},"product_brand":[],"product_cat":[292],"product_tag":[],"class_list":{"0":"post-92510","1":"product","2":"type-product","3":"status-publish","5":"product_cat-b","6":"pa_packungsgroesse-150ml","8":"first","9":"instock","10":"shipping-taxable","11":"purchasable","12":"product-type-simple"},"acf":[],"_links":{"self":[{"href":"https:\/\/www.hirtenberg-apotheke.at\/katalog\/wp-json\/wp\/v2\/product\/92510","targetHints":{"allow":["GET"]}}],"collection":[{"href":"https:\/\/www.hirtenberg-apotheke.at\/katalog\/wp-json\/wp\/v2\/product"}],"about":[{"href":"https:\/\/www.hirtenberg-apotheke.at\/katalog\/wp-json\/wp\/v2\/types\/product"}],"wp:attachment":[{"href":"https:\/\/www.hirtenberg-apotheke.at\/katalog\/wp-json\/wp\/v2\/media?parent=92510"}],"wp:term":[{"taxonomy":"product_brand","embeddable":true,"href":"https:\/\/www.hirtenberg-apotheke.at\/katalog\/wp-json\/wp\/v2\/product_brand?post=92510"},{"taxonomy":"product_cat","embeddable":true,"href":"https:\/\/www.hirtenberg-apotheke.at\/katalog\/wp-json\/wp\/v2\/product_cat?post=92510"},{"taxonomy":"product_tag","embeddable":true,"href":"https:\/\/www.hirtenberg-apotheke.at\/katalog\/wp-json\/wp\/v2\/product_tag?post=92510"}],"curies":[{"name":"wp","href":"https:\/\/api.w.org\/{rel}","templated":true}]}}