{"id":92849,"date":"2025-12-02T18:44:56","date_gmt":"2025-12-02T17:44:56","guid":{"rendered":"https:\/\/www.hirtenberg-apotheke.at\/katalog\/produkt\/casa-sana-schlaf-gut-nahrungsergaenzungsmittel-mit-einer-phytotherapeutischen-kombination-aus-passionsblume-lindenblueten-und-zitronenmelissenblaettern\/"},"modified":"2025-12-02T18:45:34","modified_gmt":"2025-12-02T17:45:34","slug":"casa-sana-schlaf-gut-nahrungsergaenzungsmittel-mit-einer-phytotherapeutischen-kombination-aus-passionsblume-lindenblueten-und-zitronenmelissenblaettern","status":"publish","type":"product","link":"https:\/\/www.hirtenberg-apotheke.at\/katalog\/produkt\/casa-sana-schlaf-gut-nahrungsergaenzungsmittel-mit-einer-phytotherapeutischen-kombination-aus-passionsblume-lindenblueten-und-zitronenmelissenblaettern\/","title":{"rendered":"CASA SANA Schlaf gut &#8211; Nahrungserg\u00e4nzungsmittel mit einer phytotherapeutischen Kombination aus Passionsblume, Lindenbl\u00fcten und Zitronenmelissenbl\u00e4ttern"},"content":{"rendered":"","protected":false},"excerpt":{"rendered":"","protected":false},"featured_media":92851,"template":"","meta":{"_acf_changed":false},"product_brand":[],"product_cat":[337],"product_tag":[],"class_list":{"0":"post-92849","1":"product","2":"type-product","3":"status-publish","4":"has-post-thumbnail","6":"product_cat-c","7":"pa_packungsgroesse-30ml","9":"first","10":"instock","11":"shipping-taxable","12":"purchasable","13":"product-type-simple"},"acf":[],"_links":{"self":[{"href":"https:\/\/www.hirtenberg-apotheke.at\/katalog\/wp-json\/wp\/v2\/product\/92849","targetHints":{"allow":["GET"]}}],"collection":[{"href":"https:\/\/www.hirtenberg-apotheke.at\/katalog\/wp-json\/wp\/v2\/product"}],"about":[{"href":"https:\/\/www.hirtenberg-apotheke.at\/katalog\/wp-json\/wp\/v2\/types\/product"}],"wp:featuredmedia":[{"embeddable":true,"href":"https:\/\/www.hirtenberg-apotheke.at\/katalog\/wp-json\/wp\/v2\/media\/92851"}],"wp:attachment":[{"href":"https:\/\/www.hirtenberg-apotheke.at\/katalog\/wp-json\/wp\/v2\/media?parent=92849"}],"wp:term":[{"taxonomy":"product_brand","embeddable":true,"href":"https:\/\/www.hirtenberg-apotheke.at\/katalog\/wp-json\/wp\/v2\/product_brand?post=92849"},{"taxonomy":"product_cat","embeddable":true,"href":"https:\/\/www.hirtenberg-apotheke.at\/katalog\/wp-json\/wp\/v2\/product_cat?post=92849"},{"taxonomy":"product_tag","embeddable":true,"href":"https:\/\/www.hirtenberg-apotheke.at\/katalog\/wp-json\/wp\/v2\/product_tag?post=92849"}],"curies":[{"name":"wp","href":"https:\/\/api.w.org\/{rel}","templated":true}]}}