{"id":92896,"date":"2025-12-02T18:46:04","date_gmt":"2025-12-02T17:46:04","guid":{"rendered":"https:\/\/www.hirtenberg-apotheke.at\/katalog\/produkt\/cenovis-bierhefe-pulver-500-g\/"},"modified":"2025-12-02T18:46:13","modified_gmt":"2025-12-02T17:46:13","slug":"cenovis-bierhefe-pulver-500-g","status":"publish","type":"product","link":"https:\/\/www.hirtenberg-apotheke.at\/katalog\/produkt\/cenovis-bierhefe-pulver-500-g\/","title":{"rendered":"Cenovis Bierhefe Pulver 500 g"},"content":{"rendered":"<p>Cenovis Bierhefe Pulver wird aus Reinzuchthefe gewonnen, die bei der Bierherstellung w\u00e4chst. Eine regelm\u00e4\u00dfige Verwendung unterst\u00fctzt die Versorgung des Organismus..<\/p>\n","protected":false},"excerpt":{"rendered":"<p>Cenovis Bierhefe Pulver wird aus Reinzuchthefe gewonnen, die bei der Bierherstellung w\u00e4chst. Eine regelm\u00e4\u00dfige Verwendung unterst\u00fctzt die Versorgung des Organismus..<\/p>\n","protected":false},"featured_media":0,"template":"","meta":{"_acf_changed":false},"product_brand":[],"product_cat":[337],"product_tag":[],"class_list":{"0":"post-92896","1":"product","2":"type-product","3":"status-publish","5":"product_cat-c","6":"pa_packungsgroesse-500g","8":"first","9":"instock","10":"shipping-taxable","11":"purchasable","12":"product-type-simple"},"acf":[],"_links":{"self":[{"href":"https:\/\/www.hirtenberg-apotheke.at\/katalog\/wp-json\/wp\/v2\/product\/92896","targetHints":{"allow":["GET"]}}],"collection":[{"href":"https:\/\/www.hirtenberg-apotheke.at\/katalog\/wp-json\/wp\/v2\/product"}],"about":[{"href":"https:\/\/www.hirtenberg-apotheke.at\/katalog\/wp-json\/wp\/v2\/types\/product"}],"wp:attachment":[{"href":"https:\/\/www.hirtenberg-apotheke.at\/katalog\/wp-json\/wp\/v2\/media?parent=92896"}],"wp:term":[{"taxonomy":"product_brand","embeddable":true,"href":"https:\/\/www.hirtenberg-apotheke.at\/katalog\/wp-json\/wp\/v2\/product_brand?post=92896"},{"taxonomy":"product_cat","embeddable":true,"href":"https:\/\/www.hirtenberg-apotheke.at\/katalog\/wp-json\/wp\/v2\/product_cat?post=92896"},{"taxonomy":"product_tag","embeddable":true,"href":"https:\/\/www.hirtenberg-apotheke.at\/katalog\/wp-json\/wp\/v2\/product_tag?post=92896"}],"curies":[{"name":"wp","href":"https:\/\/api.w.org\/{rel}","templated":true}]}}