{"id":93025,"date":"2025-12-02T18:49:19","date_gmt":"2025-12-02T17:49:19","guid":{"rendered":"https:\/\/www.hirtenberg-apotheke.at\/katalog\/produkt\/clean-fresh-reinigungstuecher-50-stk\/"},"modified":"2025-12-02T18:49:33","modified_gmt":"2025-12-02T17:49:33","slug":"clean-fresh-reinigungstuecher-50-stk","status":"publish","type":"product","link":"https:\/\/www.hirtenberg-apotheke.at\/katalog\/produkt\/clean-fresh-reinigungstuecher-50-stk\/","title":{"rendered":"Clean &#038; Fresh Reinigungst\u00fccher 50 Stk."},"content":{"rendered":"<p>Clean &#038; Fresh Reinigungst\u00fccher dienen f\u00fcr die erfrischende und schonende Reinigung von Gesicht und H\u00e4nden. Die T\u00fccher sind zudem unentbehrlich auf Reisen, im Urlaub, bei Sport und Fitness sowie im Haushalt<\/p>\n","protected":false},"excerpt":{"rendered":"<p>Clean &#038; Fresh Reinigungst\u00fccher dienen f\u00fcr die erfrischende und schonende Reinigung von Gesicht und H\u00e4nden. Die T\u00fccher sind zudem unentbehrlich auf Reisen, im Urlaub, bei Sport und Fitness sowie im Haushalt<\/p>\n","protected":false},"featured_media":93027,"template":"","meta":{"_acf_changed":false},"product_brand":[],"product_cat":[337],"product_tag":[],"class_list":{"0":"post-93025","1":"product","2":"type-product","3":"status-publish","4":"has-post-thumbnail","6":"product_cat-c","7":"pa_packungsgroesse-50-stueck","9":"first","10":"instock","11":"shipping-taxable","12":"purchasable","13":"product-type-simple"},"acf":[],"_links":{"self":[{"href":"https:\/\/www.hirtenberg-apotheke.at\/katalog\/wp-json\/wp\/v2\/product\/93025","targetHints":{"allow":["GET"]}}],"collection":[{"href":"https:\/\/www.hirtenberg-apotheke.at\/katalog\/wp-json\/wp\/v2\/product"}],"about":[{"href":"https:\/\/www.hirtenberg-apotheke.at\/katalog\/wp-json\/wp\/v2\/types\/product"}],"wp:featuredmedia":[{"embeddable":true,"href":"https:\/\/www.hirtenberg-apotheke.at\/katalog\/wp-json\/wp\/v2\/media\/93027"}],"wp:attachment":[{"href":"https:\/\/www.hirtenberg-apotheke.at\/katalog\/wp-json\/wp\/v2\/media?parent=93025"}],"wp:term":[{"taxonomy":"product_brand","embeddable":true,"href":"https:\/\/www.hirtenberg-apotheke.at\/katalog\/wp-json\/wp\/v2\/product_brand?post=93025"},{"taxonomy":"product_cat","embeddable":true,"href":"https:\/\/www.hirtenberg-apotheke.at\/katalog\/wp-json\/wp\/v2\/product_cat?post=93025"},{"taxonomy":"product_tag","embeddable":true,"href":"https:\/\/www.hirtenberg-apotheke.at\/katalog\/wp-json\/wp\/v2\/product_tag?post=93025"}],"curies":[{"name":"wp","href":"https:\/\/api.w.org\/{rel}","templated":true}]}}