{"id":93042,"date":"2025-12-02T18:49:45","date_gmt":"2025-12-02T17:49:45","guid":{"rendered":"https:\/\/www.hirtenberg-apotheke.at\/katalog\/produkt\/gall-pharma-coffein-kapseln-60-stk\/"},"modified":"2025-12-02T18:50:08","modified_gmt":"2025-12-02T17:50:08","slug":"gall-pharma-coffein-kapseln-60-stk","status":"publish","type":"product","link":"https:\/\/www.hirtenberg-apotheke.at\/katalog\/produkt\/gall-pharma-coffein-kapseln-60-stk\/","title":{"rendered":"Gall Pharma Coffein Kapseln 60 Stk."},"content":{"rendered":"<p>Coffein GPH Kapseln enthalten 60 mg Coffein und 310 mg Guaranasamen Extrakt mit einem Gesamtcoffeingehalt von 91 mg. Coffein und Guarana k\u00f6nnen dem K\u00f6rper in Zeiten erh\u00f6hter geistiger und k\u00f6rperlicher Anstrengung sowie in Stresssituationen kurzfristig Energie zuf\u00fchren. Coffein hat eine schnell zentral anregende Eigenschaft, das Coffein aus Guarana wird erst nach und nach aufgenommen. Dieses Produkt erhalten Sie in den Packungsgr\u00f6\u00dfen 60 und 120 St\u00fcck.<\/p>\n","protected":false},"excerpt":{"rendered":"<p>Coffein GPH Kapseln enthalten 60 mg Coffein und 310 mg Guaranasamen Extrakt mit einem Gesamtcoffeingehalt von 91 mg. Coffein und Guarana k\u00f6nnen dem K\u00f6rper in Zeiten erh\u00f6hter geistiger und k\u00f6rperlicher Anstrengung sowie in Stresssituationen kurzfristig Energie zuf\u00fchren. Coffein hat eine schnell zentral anregende Eigenschaft, das Coffein aus Guarana wird erst nach und nach aufgenommen. Dieses [&hellip;]<\/p>\n","protected":false},"featured_media":93044,"template":"","meta":{"_acf_changed":false},"product_brand":[316],"product_cat":[328],"product_tag":[],"class_list":{"0":"post-93042","1":"product","2":"type-product","3":"status-publish","4":"has-post-thumbnail","6":"product_brand-gall-pharma","7":"product_cat-g","8":"pa_packungsgroesse-60-stueck","10":"first","11":"instock","12":"shipping-taxable","13":"purchasable","14":"product-type-simple"},"acf":[],"_links":{"self":[{"href":"https:\/\/www.hirtenberg-apotheke.at\/katalog\/wp-json\/wp\/v2\/product\/93042","targetHints":{"allow":["GET"]}}],"collection":[{"href":"https:\/\/www.hirtenberg-apotheke.at\/katalog\/wp-json\/wp\/v2\/product"}],"about":[{"href":"https:\/\/www.hirtenberg-apotheke.at\/katalog\/wp-json\/wp\/v2\/types\/product"}],"wp:featuredmedia":[{"embeddable":true,"href":"https:\/\/www.hirtenberg-apotheke.at\/katalog\/wp-json\/wp\/v2\/media\/93044"}],"wp:attachment":[{"href":"https:\/\/www.hirtenberg-apotheke.at\/katalog\/wp-json\/wp\/v2\/media?parent=93042"}],"wp:term":[{"taxonomy":"product_brand","embeddable":true,"href":"https:\/\/www.hirtenberg-apotheke.at\/katalog\/wp-json\/wp\/v2\/product_brand?post=93042"},{"taxonomy":"product_cat","embeddable":true,"href":"https:\/\/www.hirtenberg-apotheke.at\/katalog\/wp-json\/wp\/v2\/product_cat?post=93042"},{"taxonomy":"product_tag","embeddable":true,"href":"https:\/\/www.hirtenberg-apotheke.at\/katalog\/wp-json\/wp\/v2\/product_tag?post=93042"}],"curies":[{"name":"wp","href":"https:\/\/api.w.org\/{rel}","templated":true}]}}