{"id":93051,"date":"2025-12-02T18:49:45","date_gmt":"2025-12-02T17:49:45","guid":{"rendered":"https:\/\/www.hirtenberg-apotheke.at\/katalog\/produkt\/coldamaris-akut-nasenspray-20-ml\/"},"modified":"2025-12-02T18:50:23","modified_gmt":"2025-12-02T17:50:23","slug":"coldamaris-akut-nasenspray-20-ml","status":"publish","type":"product","link":"https:\/\/www.hirtenberg-apotheke.at\/katalog\/produkt\/coldamaris-akut-nasenspray-20-ml\/","title":{"rendered":"Coldamaris akut Nasenspray 20 ml"},"content":{"rendered":"<p>Ein typisches Erk\u00e4ltungssymptom ist die verstopfte Nase, die durch ein Anschwellen der Schleimhaut aufgrund vermehrter Fl\u00fcssigkeitseinlagerung hervorgerufen wird. Bei Patienten mit Heuschnupfen kann eine Infektion mit Erk\u00e4ltungsviren zu einer Verschlimmerung der allergischen Symptome f\u00fchren.  Auch diese Patienten k\u00f6nnen von der Mehrfachwirkung von Coldamaris akut profitieren: Die hypertone L\u00f6sung entzieht dem Gewebe \u00fcbersch\u00fcssige Fl\u00fcssigkeit, die Nasenschleimhaut kann abschwellen und das Durchatmen wird erleichtert. Die enthaltene Carragelose\u00ae bildet einen Schutzfilm auf der Nasenschleimhaut. Dieser Film wirkt als physikalische Barriere gegen \u00e4u\u00dfere Einfl\u00fcsse, wie das Eindringen von Erk\u00e4ltungsviren. Carragelose\u00ae ist ein nat\u00fcrlicher, aus Rotalgen gewonnener Wirkstoff.<\/p>\n","protected":false},"excerpt":{"rendered":"<p>Ein typisches Erk\u00e4ltungssymptom ist die verstopfte Nase, die durch ein Anschwellen der Schleimhaut aufgrund vermehrter Fl\u00fcssigkeitseinlagerung hervorgerufen wird. Bei Patienten mit Heuschnupfen kann eine Infektion mit Erk\u00e4ltungsviren zu einer Verschlimmerung der allergischen Symptome f\u00fchren. Auch diese Patienten k\u00f6nnen von der Mehrfachwirkung von Coldamaris akut profitieren: Die hypertone L\u00f6sung entzieht dem Gewebe \u00fcbersch\u00fcssige Fl\u00fcssigkeit, die Nasenschleimhaut [&hellip;]<\/p>\n","protected":false},"featured_media":0,"template":"","meta":{"_acf_changed":false},"product_brand":[],"product_cat":[337],"product_tag":[],"class_list":{"0":"post-93051","1":"product","2":"type-product","3":"status-publish","5":"product_cat-c","6":"pa_packungsgroesse-20ml","8":"first","9":"instock","10":"shipping-taxable","11":"purchasable","12":"product-type-simple"},"acf":[],"_links":{"self":[{"href":"https:\/\/www.hirtenberg-apotheke.at\/katalog\/wp-json\/wp\/v2\/product\/93051","targetHints":{"allow":["GET"]}}],"collection":[{"href":"https:\/\/www.hirtenberg-apotheke.at\/katalog\/wp-json\/wp\/v2\/product"}],"about":[{"href":"https:\/\/www.hirtenberg-apotheke.at\/katalog\/wp-json\/wp\/v2\/types\/product"}],"wp:attachment":[{"href":"https:\/\/www.hirtenberg-apotheke.at\/katalog\/wp-json\/wp\/v2\/media?parent=93051"}],"wp:term":[{"taxonomy":"product_brand","embeddable":true,"href":"https:\/\/www.hirtenberg-apotheke.at\/katalog\/wp-json\/wp\/v2\/product_brand?post=93051"},{"taxonomy":"product_cat","embeddable":true,"href":"https:\/\/www.hirtenberg-apotheke.at\/katalog\/wp-json\/wp\/v2\/product_cat?post=93051"},{"taxonomy":"product_tag","embeddable":true,"href":"https:\/\/www.hirtenberg-apotheke.at\/katalog\/wp-json\/wp\/v2\/product_tag?post=93051"}],"curies":[{"name":"wp","href":"https:\/\/api.w.org\/{rel}","templated":true}]}}