{"id":93105,"date":"2025-12-02T18:51:40","date_gmt":"2025-12-02T17:51:40","guid":{"rendered":"https:\/\/www.hirtenberg-apotheke.at\/katalog\/produkt\/kwizda-d3-3-000-ie-28-stk-dispenser\/"},"modified":"2025-12-02T18:51:44","modified_gmt":"2025-12-02T17:51:44","slug":"kwizda-d3-3-000-ie-28-stk-dispenser","status":"publish","type":"product","link":"https:\/\/www.hirtenberg-apotheke.at\/katalog\/produkt\/kwizda-d3-3-000-ie-28-stk-dispenser\/","title":{"rendered":"Kwizda D3 3.000 IE 28 Stk. Dispenser"},"content":{"rendered":"<p>Die Kwizda-Gruppe ist im Bereich Life Sciences in Industrie und Handel in f\u00fchrender Position in \u00d6sterreich und seinen Nachbarl\u00e4ndern t\u00e4tig.Die Unternehmensbereiche umfassen Pharma, Pharmahandel, Agro sowie Dach- und Dichtungsbahnen. Diese Gesch\u00e4ftsfelder hat Kwizda konsequent auf zukunftsorientierte Technologien ausgerichtet \u2013 jetzt mit hohem Rabatt Produkte von Kwizda bestellen!<\/p>\n","protected":false},"excerpt":{"rendered":"<p>Die Kwizda-Gruppe ist im Bereich Life Sciences in Industrie und Handel in f\u00fchrender Position in \u00d6sterreich und seinen Nachbarl\u00e4ndern t\u00e4tig.Die Unternehmensbereiche umfassen Pharma, Pharmahandel, Agro sowie Dach- und Dichtungsbahnen. Diese Gesch\u00e4ftsfelder hat Kwizda konsequent auf zukunftsorientierte Technologien ausgerichtet \u2013 jetzt mit hohem Rabatt Produkte von Kwizda bestellen!<\/p>\n","protected":false},"featured_media":93107,"template":"","meta":{"_acf_changed":false},"product_brand":[],"product_cat":[387],"product_tag":[],"class_list":{"0":"post-93105","1":"product","2":"type-product","3":"status-publish","4":"has-post-thumbnail","6":"product_cat-k","7":"pa_packungsgroesse-1-stueck","9":"first","10":"instock","11":"shipping-taxable","12":"purchasable","13":"product-type-simple"},"acf":[],"_links":{"self":[{"href":"https:\/\/www.hirtenberg-apotheke.at\/katalog\/wp-json\/wp\/v2\/product\/93105","targetHints":{"allow":["GET"]}}],"collection":[{"href":"https:\/\/www.hirtenberg-apotheke.at\/katalog\/wp-json\/wp\/v2\/product"}],"about":[{"href":"https:\/\/www.hirtenberg-apotheke.at\/katalog\/wp-json\/wp\/v2\/types\/product"}],"wp:featuredmedia":[{"embeddable":true,"href":"https:\/\/www.hirtenberg-apotheke.at\/katalog\/wp-json\/wp\/v2\/media\/93107"}],"wp:attachment":[{"href":"https:\/\/www.hirtenberg-apotheke.at\/katalog\/wp-json\/wp\/v2\/media?parent=93105"}],"wp:term":[{"taxonomy":"product_brand","embeddable":true,"href":"https:\/\/www.hirtenberg-apotheke.at\/katalog\/wp-json\/wp\/v2\/product_brand?post=93105"},{"taxonomy":"product_cat","embeddable":true,"href":"https:\/\/www.hirtenberg-apotheke.at\/katalog\/wp-json\/wp\/v2\/product_cat?post=93105"},{"taxonomy":"product_tag","embeddable":true,"href":"https:\/\/www.hirtenberg-apotheke.at\/katalog\/wp-json\/wp\/v2\/product_tag?post=93105"}],"curies":[{"name":"wp","href":"https:\/\/api.w.org\/{rel}","templated":true}]}}