{"id":93194,"date":"2025-12-02T18:53:47","date_gmt":"2025-12-02T17:53:47","guid":{"rendered":"https:\/\/www.hirtenberg-apotheke.at\/katalog\/produkt\/pflueger-derivatio-tabletten-100-stk\/"},"modified":"2025-12-02T18:53:51","modified_gmt":"2025-12-02T17:53:51","slug":"pflueger-derivatio-tabletten-100-stk","status":"publish","type":"product","link":"https:\/\/www.hirtenberg-apotheke.at\/katalog\/produkt\/pflueger-derivatio-tabletten-100-stk\/","title":{"rendered":"Pfl\u00fcger Derivatio Tabletten 100 Stk."},"content":{"rendered":"<p>Derivatio Tabletten enthalten 18 hom\u00f6opathische Wirkstoffe, die in der Naturheilkunde zur Unterst\u00fctzung wichtiger Organfunktionen angewendet werden. Das Komplexmittel enth\u00e4lt die klassischen Leber- und Gallemittel Taraxacum officinale (L\u00f6wenzahn) und Silybum marianum (Mariendistel), au\u00dferdem Arnica montana (Arnica) zur Regulierung des Gef\u00e4\u00dfsystems und Verbesserung der Durchblutung sowie  Wirkstoffe zur F\u00f6rderung der Harnfunktion sowie der Haut. Die in Derivatio Tabletten enthaltenen Wirkstoffe k\u00f6nnen die jeweiligen Organe unterst\u00fctzen..<\/p>\n","protected":false},"excerpt":{"rendered":"<p>Derivatio Tabletten enthalten 18 hom\u00f6opathische Wirkstoffe, die in der Naturheilkunde zur Unterst\u00fctzung wichtiger Organfunktionen angewendet werden. Das Komplexmittel enth\u00e4lt die klassischen Leber- und Gallemittel Taraxacum officinale (L\u00f6wenzahn) und Silybum marianum (Mariendistel), au\u00dferdem Arnica montana (Arnica) zur Regulierung des Gef\u00e4\u00dfsystems und Verbesserung der Durchblutung sowie Wirkstoffe zur F\u00f6rderung der Harnfunktion sowie der Haut. Die in Derivatio [&hellip;]<\/p>\n","protected":false},"featured_media":93196,"template":"","meta":{"_acf_changed":false},"product_brand":[],"product_cat":[302],"product_tag":[],"class_list":{"0":"post-93194","1":"product","2":"type-product","3":"status-publish","4":"has-post-thumbnail","6":"product_cat-p","7":"pa_packungsgroesse-100-stueck","9":"first","10":"instock","11":"shipping-taxable","12":"purchasable","13":"product-type-simple"},"acf":[],"_links":{"self":[{"href":"https:\/\/www.hirtenberg-apotheke.at\/katalog\/wp-json\/wp\/v2\/product\/93194","targetHints":{"allow":["GET"]}}],"collection":[{"href":"https:\/\/www.hirtenberg-apotheke.at\/katalog\/wp-json\/wp\/v2\/product"}],"about":[{"href":"https:\/\/www.hirtenberg-apotheke.at\/katalog\/wp-json\/wp\/v2\/types\/product"}],"wp:featuredmedia":[{"embeddable":true,"href":"https:\/\/www.hirtenberg-apotheke.at\/katalog\/wp-json\/wp\/v2\/media\/93196"}],"wp:attachment":[{"href":"https:\/\/www.hirtenberg-apotheke.at\/katalog\/wp-json\/wp\/v2\/media?parent=93194"}],"wp:term":[{"taxonomy":"product_brand","embeddable":true,"href":"https:\/\/www.hirtenberg-apotheke.at\/katalog\/wp-json\/wp\/v2\/product_brand?post=93194"},{"taxonomy":"product_cat","embeddable":true,"href":"https:\/\/www.hirtenberg-apotheke.at\/katalog\/wp-json\/wp\/v2\/product_cat?post=93194"},{"taxonomy":"product_tag","embeddable":true,"href":"https:\/\/www.hirtenberg-apotheke.at\/katalog\/wp-json\/wp\/v2\/product_tag?post=93194"}],"curies":[{"name":"wp","href":"https:\/\/api.w.org\/{rel}","templated":true}]}}