{"id":93223,"date":"2025-12-02T18:54:14","date_gmt":"2025-12-02T17:54:14","guid":{"rendered":"https:\/\/www.hirtenberg-apotheke.at\/katalog\/produkt\/desderman-pure-gel-500-ml\/"},"modified":"2025-12-02T18:54:46","modified_gmt":"2025-12-02T17:54:46","slug":"desderman-pure-gel-500-ml","status":"publish","type":"product","link":"https:\/\/www.hirtenberg-apotheke.at\/katalog\/produkt\/desderman-pure-gel-500-ml\/","title":{"rendered":"Desderman Pure Gel 500 ml"},"content":{"rendered":"<p>desderman pure gel ist ein farbstoff- und parf\u00fcmfreies alkoholisches H\u00e4ndedesinfektionsgel f\u00fcr die hygienische und chirurgische H\u00e4ndedesinfektion.<\/p>\n","protected":false},"excerpt":{"rendered":"<p>desderman pure gel ist ein farbstoff- und parf\u00fcmfreies alkoholisches H\u00e4ndedesinfektionsgel f\u00fcr die hygienische und chirurgische H\u00e4ndedesinfektion.<\/p>\n","protected":false},"featured_media":93225,"template":"","meta":{"_acf_changed":false},"product_brand":[],"product_cat":[295],"product_tag":[],"class_list":{"0":"post-93223","1":"product","2":"type-product","3":"status-publish","4":"has-post-thumbnail","6":"product_cat-d","7":"pa_packungsgroesse-1l","9":"first","10":"instock","11":"shipping-taxable","12":"purchasable","13":"product-type-simple"},"acf":[],"_links":{"self":[{"href":"https:\/\/www.hirtenberg-apotheke.at\/katalog\/wp-json\/wp\/v2\/product\/93223","targetHints":{"allow":["GET"]}}],"collection":[{"href":"https:\/\/www.hirtenberg-apotheke.at\/katalog\/wp-json\/wp\/v2\/product"}],"about":[{"href":"https:\/\/www.hirtenberg-apotheke.at\/katalog\/wp-json\/wp\/v2\/types\/product"}],"wp:featuredmedia":[{"embeddable":true,"href":"https:\/\/www.hirtenberg-apotheke.at\/katalog\/wp-json\/wp\/v2\/media\/93225"}],"wp:attachment":[{"href":"https:\/\/www.hirtenberg-apotheke.at\/katalog\/wp-json\/wp\/v2\/media?parent=93223"}],"wp:term":[{"taxonomy":"product_brand","embeddable":true,"href":"https:\/\/www.hirtenberg-apotheke.at\/katalog\/wp-json\/wp\/v2\/product_brand?post=93223"},{"taxonomy":"product_cat","embeddable":true,"href":"https:\/\/www.hirtenberg-apotheke.at\/katalog\/wp-json\/wp\/v2\/product_cat?post=93223"},{"taxonomy":"product_tag","embeddable":true,"href":"https:\/\/www.hirtenberg-apotheke.at\/katalog\/wp-json\/wp\/v2\/product_tag?post=93223"}],"curies":[{"name":"wp","href":"https:\/\/api.w.org\/{rel}","templated":true}]}}