{"id":93295,"date":"2025-12-02T18:56:44","date_gmt":"2025-12-02T17:56:44","guid":{"rendered":"https:\/\/www.hirtenberg-apotheke.at\/katalog\/produkt\/detia-lebensmittel-mottenfalle-3-stk\/"},"modified":"2025-12-02T18:56:57","modified_gmt":"2025-12-02T17:56:57","slug":"detia-lebensmittel-mottenfalle-3-stk","status":"publish","type":"product","link":"https:\/\/www.hirtenberg-apotheke.at\/katalog\/produkt\/detia-lebensmittel-mottenfalle-3-stk\/","title":{"rendered":"Detia Lebensmittel Mottenfalle 3 Stk."},"content":{"rendered":"<p>Detia Lebensmittel Mottenfalle ist eine Klebefalle f\u00fcr Mehl-, D\u00f6rrobst-, Speicher- und andere Lebensmittelmotten. Durch diese Falle werden m\u00e4nnliche Motten angelockt und bleiben auf der Klebefl\u00e4che haften.<\/p>\n","protected":false},"excerpt":{"rendered":"<p>Detia Lebensmittel Mottenfalle ist eine Klebefalle f\u00fcr Mehl-, D\u00f6rrobst-, Speicher- und andere Lebensmittelmotten. Durch diese Falle werden m\u00e4nnliche Motten angelockt und bleiben auf der Klebefl\u00e4che haften.<\/p>\n","protected":false},"featured_media":93297,"template":"","meta":{"_acf_changed":false},"product_brand":[],"product_cat":[295],"product_tag":[],"class_list":{"0":"post-93295","1":"product","2":"type-product","3":"status-publish","4":"has-post-thumbnail","6":"product_cat-d","7":"pa_packungsgroesse-3-stueck","9":"first","10":"instock","11":"shipping-taxable","12":"purchasable","13":"product-type-simple"},"acf":[],"_links":{"self":[{"href":"https:\/\/www.hirtenberg-apotheke.at\/katalog\/wp-json\/wp\/v2\/product\/93295","targetHints":{"allow":["GET"]}}],"collection":[{"href":"https:\/\/www.hirtenberg-apotheke.at\/katalog\/wp-json\/wp\/v2\/product"}],"about":[{"href":"https:\/\/www.hirtenberg-apotheke.at\/katalog\/wp-json\/wp\/v2\/types\/product"}],"wp:featuredmedia":[{"embeddable":true,"href":"https:\/\/www.hirtenberg-apotheke.at\/katalog\/wp-json\/wp\/v2\/media\/93297"}],"wp:attachment":[{"href":"https:\/\/www.hirtenberg-apotheke.at\/katalog\/wp-json\/wp\/v2\/media?parent=93295"}],"wp:term":[{"taxonomy":"product_brand","embeddable":true,"href":"https:\/\/www.hirtenberg-apotheke.at\/katalog\/wp-json\/wp\/v2\/product_brand?post=93295"},{"taxonomy":"product_cat","embeddable":true,"href":"https:\/\/www.hirtenberg-apotheke.at\/katalog\/wp-json\/wp\/v2\/product_cat?post=93295"},{"taxonomy":"product_tag","embeddable":true,"href":"https:\/\/www.hirtenberg-apotheke.at\/katalog\/wp-json\/wp\/v2\/product_tag?post=93295"}],"curies":[{"name":"wp","href":"https:\/\/api.w.org\/{rel}","templated":true}]}}