{"id":93314,"date":"2025-12-02T18:57:24","date_gmt":"2025-12-02T17:57:24","guid":{"rendered":"https:\/\/www.hirtenberg-apotheke.at\/katalog\/produkt\/die-base-basisches-badesalz-3-kg\/"},"modified":"2025-12-02T18:57:28","modified_gmt":"2025-12-02T17:57:28","slug":"die-base-basisches-badesalz-3-kg","status":"publish","type":"product","link":"https:\/\/www.hirtenberg-apotheke.at\/katalog\/produkt\/die-base-basisches-badesalz-3-kg\/","title":{"rendered":"DIE BASE Basisches Badesalz 3 kg"},"content":{"rendered":"<p>Basisches Badesalz neutralisiert S\u00e4uren auf der Haut und regt zudem die Haut in ihrer nat\u00fcrlichen S\u00e4ure- und Giftausscheidungsfunktion an. Au\u00dferdem bewirkt das Produkt eine Selbstfettung der Haut und unterst\u00fctzt den aktiven Zellschutz. H\u00e4lt Ihre Haut weich und geschmeidig.<\/p>\n","protected":false},"excerpt":{"rendered":"<p>Basisches Badesalz neutralisiert S\u00e4uren auf der Haut und regt zudem die Haut in ihrer nat\u00fcrlichen S\u00e4ure- und Giftausscheidungsfunktion an. Au\u00dferdem bewirkt das Produkt eine Selbstfettung der Haut und unterst\u00fctzt den aktiven Zellschutz. H\u00e4lt Ihre Haut weich und geschmeidig.<\/p>\n","protected":false},"featured_media":93316,"template":"","meta":{"_acf_changed":false},"product_brand":[],"product_cat":[295],"product_tag":[],"class_list":{"0":"post-93314","1":"product","2":"type-product","3":"status-publish","4":"has-post-thumbnail","6":"product_cat-d","7":"pa_packungsgroesse-3000g","9":"first","10":"instock","11":"shipping-taxable","12":"purchasable","13":"product-type-simple"},"acf":[],"_links":{"self":[{"href":"https:\/\/www.hirtenberg-apotheke.at\/katalog\/wp-json\/wp\/v2\/product\/93314","targetHints":{"allow":["GET"]}}],"collection":[{"href":"https:\/\/www.hirtenberg-apotheke.at\/katalog\/wp-json\/wp\/v2\/product"}],"about":[{"href":"https:\/\/www.hirtenberg-apotheke.at\/katalog\/wp-json\/wp\/v2\/types\/product"}],"wp:featuredmedia":[{"embeddable":true,"href":"https:\/\/www.hirtenberg-apotheke.at\/katalog\/wp-json\/wp\/v2\/media\/93316"}],"wp:attachment":[{"href":"https:\/\/www.hirtenberg-apotheke.at\/katalog\/wp-json\/wp\/v2\/media?parent=93314"}],"wp:term":[{"taxonomy":"product_brand","embeddable":true,"href":"https:\/\/www.hirtenberg-apotheke.at\/katalog\/wp-json\/wp\/v2\/product_brand?post=93314"},{"taxonomy":"product_cat","embeddable":true,"href":"https:\/\/www.hirtenberg-apotheke.at\/katalog\/wp-json\/wp\/v2\/product_cat?post=93314"},{"taxonomy":"product_tag","embeddable":true,"href":"https:\/\/www.hirtenberg-apotheke.at\/katalog\/wp-json\/wp\/v2\/product_tag?post=93314"}],"curies":[{"name":"wp","href":"https:\/\/api.w.org\/{rel}","templated":true}]}}