{"id":93321,"date":"2025-12-02T18:57:24","date_gmt":"2025-12-02T17:57:24","guid":{"rendered":"https:\/\/www.hirtenberg-apotheke.at\/katalog\/produkt\/dikla-pflege-nagellackentferner-100ml\/"},"modified":"2025-12-02T18:57:51","modified_gmt":"2025-12-02T17:57:51","slug":"dikla-pflege-nagellackentferner-100ml","status":"publish","type":"product","link":"https:\/\/www.hirtenberg-apotheke.at\/katalog\/produkt\/dikla-pflege-nagellackentferner-100ml\/","title":{"rendered":"Dikla Pflege-Nagellackentferner 100ml"},"content":{"rendered":"<p>Dikla Pflege-Nagellackentferner 100ml enth\u00e4lt schonende und nicht aggressive L\u00f6sungsmittel die den Nagellack wirksam entfernen, ohne dabei N\u00e4gel und Nagelhaut auszutrocknen. Dank hautberuhigendem und entz\u00fcndungshemmendem Kamillenextrakt wirkt er pflegend und eignet sich somit auch f\u00fcr anspruchsvolle, empfindliche N\u00e4gel.Zudem \u00fcberzeugt das Produkt durch einen angenehmen Duft und eine praktische und sparsame Pumpflasche.- Entfernt wirksam den Nagellack oder Nagelh\u00e4rter- Wirkt nicht austrocknend und pflegend- Duftet angenehm- Ohne Aceton-<\/p>\n","protected":false},"excerpt":{"rendered":"<p>Dikla Pflege-Nagellackentferner 100ml enth\u00e4lt schonende und nicht aggressive L\u00f6sungsmittel die den Nagellack wirksam entfernen, ohne dabei N\u00e4gel und Nagelhaut auszutrocknen. Dank hautberuhigendem und entz\u00fcndungshemmendem Kamillenextrakt wirkt er pflegend und eignet sich somit auch f\u00fcr anspruchsvolle, empfindliche N\u00e4gel.Zudem \u00fcberzeugt das Produkt durch einen angenehmen Duft und eine praktische und sparsame Pumpflasche.- Entfernt wirksam den Nagellack oder [&hellip;]<\/p>\n","protected":false},"featured_media":93323,"template":"","meta":{"_acf_changed":false},"product_brand":[],"product_cat":[295],"product_tag":[],"class_list":{"0":"post-93321","1":"product","2":"type-product","3":"status-publish","4":"has-post-thumbnail","6":"product_cat-d","7":"pa_packungsgroesse-100ml","9":"first","10":"instock","11":"shipping-taxable","12":"purchasable","13":"product-type-simple"},"acf":[],"_links":{"self":[{"href":"https:\/\/www.hirtenberg-apotheke.at\/katalog\/wp-json\/wp\/v2\/product\/93321","targetHints":{"allow":["GET"]}}],"collection":[{"href":"https:\/\/www.hirtenberg-apotheke.at\/katalog\/wp-json\/wp\/v2\/product"}],"about":[{"href":"https:\/\/www.hirtenberg-apotheke.at\/katalog\/wp-json\/wp\/v2\/types\/product"}],"wp:featuredmedia":[{"embeddable":true,"href":"https:\/\/www.hirtenberg-apotheke.at\/katalog\/wp-json\/wp\/v2\/media\/93323"}],"wp:attachment":[{"href":"https:\/\/www.hirtenberg-apotheke.at\/katalog\/wp-json\/wp\/v2\/media?parent=93321"}],"wp:term":[{"taxonomy":"product_brand","embeddable":true,"href":"https:\/\/www.hirtenberg-apotheke.at\/katalog\/wp-json\/wp\/v2\/product_brand?post=93321"},{"taxonomy":"product_cat","embeddable":true,"href":"https:\/\/www.hirtenberg-apotheke.at\/katalog\/wp-json\/wp\/v2\/product_cat?post=93321"},{"taxonomy":"product_tag","embeddable":true,"href":"https:\/\/www.hirtenberg-apotheke.at\/katalog\/wp-json\/wp\/v2\/product_tag?post=93321"}],"curies":[{"name":"wp","href":"https:\/\/api.w.org\/{rel}","templated":true}]}}