{"id":93329,"date":"2025-12-02T18:57:50","date_gmt":"2025-12-02T17:57:50","guid":{"rendered":"https:\/\/www.hirtenberg-apotheke.at\/katalog\/produkt\/doskar-kraeuterwanne-kindererkaeltungsbad-200-ml\/"},"modified":"2025-12-02T18:58:07","modified_gmt":"2025-12-02T17:58:07","slug":"doskar-kraeuterwanne-kindererkaeltungsbad-200-ml","status":"publish","type":"product","link":"https:\/\/www.hirtenberg-apotheke.at\/katalog\/produkt\/doskar-kraeuterwanne-kindererkaeltungsbad-200-ml\/","title":{"rendered":"Doskar Kr\u00e4uterwanne Kindererk\u00e4ltungsbad 200 ml"},"content":{"rendered":"<p>Doskar Kr\u00e4uterwanne Kindererk\u00e4ltungsbad 200 ml jetzt auch als Kindererk\u00e4ltungsbad mit wertvollem Thymian\u00f6l. Der echte Thymian (Thymus vulgaris) wird unter anderem bei Erk\u00e4ltungskrankheiten und Atemwegsinfekten verwendet und ist als \u00d6l wichtiger Inhaltsstoff in unserer Kr\u00e4uterwanne f\u00fcr Kinder. Die Zusammensetzung ist speziell auf Kinder ab 3 Jahren abgestimmt und daher frei von Menthol, Eucalypthus und Kampfer\u00f6l.<\/p>\n","protected":false},"excerpt":{"rendered":"<p>Doskar Kr\u00e4uterwanne Kindererk\u00e4ltungsbad 200 ml jetzt auch als Kindererk\u00e4ltungsbad mit wertvollem Thymian\u00f6l. Der echte Thymian (Thymus vulgaris) wird unter anderem bei Erk\u00e4ltungskrankheiten und Atemwegsinfekten verwendet und ist als \u00d6l wichtiger Inhaltsstoff in unserer Kr\u00e4uterwanne f\u00fcr Kinder. Die Zusammensetzung ist speziell auf Kinder ab 3 Jahren abgestimmt und daher frei von Menthol, Eucalypthus und Kampfer\u00f6l.<\/p>\n","protected":false},"featured_media":93331,"template":"","meta":{"_acf_changed":false},"product_brand":[423],"product_cat":[295],"product_tag":[],"class_list":{"0":"post-93329","1":"product","2":"type-product","3":"status-publish","4":"has-post-thumbnail","6":"product_brand-doskar","7":"product_cat-d","8":"pa_packungsgroesse-200ml","10":"first","11":"instock","12":"shipping-taxable","13":"purchasable","14":"product-type-simple"},"acf":[],"_links":{"self":[{"href":"https:\/\/www.hirtenberg-apotheke.at\/katalog\/wp-json\/wp\/v2\/product\/93329","targetHints":{"allow":["GET"]}}],"collection":[{"href":"https:\/\/www.hirtenberg-apotheke.at\/katalog\/wp-json\/wp\/v2\/product"}],"about":[{"href":"https:\/\/www.hirtenberg-apotheke.at\/katalog\/wp-json\/wp\/v2\/types\/product"}],"wp:featuredmedia":[{"embeddable":true,"href":"https:\/\/www.hirtenberg-apotheke.at\/katalog\/wp-json\/wp\/v2\/media\/93331"}],"wp:attachment":[{"href":"https:\/\/www.hirtenberg-apotheke.at\/katalog\/wp-json\/wp\/v2\/media?parent=93329"}],"wp:term":[{"taxonomy":"product_brand","embeddable":true,"href":"https:\/\/www.hirtenberg-apotheke.at\/katalog\/wp-json\/wp\/v2\/product_brand?post=93329"},{"taxonomy":"product_cat","embeddable":true,"href":"https:\/\/www.hirtenberg-apotheke.at\/katalog\/wp-json\/wp\/v2\/product_cat?post=93329"},{"taxonomy":"product_tag","embeddable":true,"href":"https:\/\/www.hirtenberg-apotheke.at\/katalog\/wp-json\/wp\/v2\/product_tag?post=93329"}],"curies":[{"name":"wp","href":"https:\/\/api.w.org\/{rel}","templated":true}]}}