{"id":93338,"date":"2025-12-02T18:57:50","date_gmt":"2025-12-02T17:57:50","guid":{"rendered":"https:\/\/www.hirtenberg-apotheke.at\/katalog\/produkt\/mag-doskar-fuer-tiere-vet-nr-1-zur-abwehrkraftsteigerung-50-ml\/"},"modified":"2025-12-02T18:58:12","modified_gmt":"2025-12-02T17:58:12","slug":"mag-doskar-fuer-tiere-vet-nr-1-zur-abwehrkraftsteigerung-50-ml","status":"publish","type":"product","link":"https:\/\/www.hirtenberg-apotheke.at\/katalog\/produkt\/mag-doskar-fuer-tiere-vet-nr-1-zur-abwehrkraftsteigerung-50-ml\/","title":{"rendered":"Mag. Doskar f\u00fcr Tiere VET Nr. 1 zur Abwehrkraftsteigerung 50 ml"},"content":{"rendered":"<p>Mag. Doskar VET Nr. 01 Tropfen zur Abwehrsteigerung ist ein hom\u00f6opathisches Arzneimittel f\u00fcr Pferde, Rinder, Hunde und Katzen und eignet sich zur Steigerung der k\u00f6rpereigenen Abwehr bei bakteriell bedingten Erkrankungen..<\/p>\n","protected":false},"excerpt":{"rendered":"<p>Mag. Doskar VET Nr. 01 Tropfen zur Abwehrsteigerung ist ein hom\u00f6opathisches Arzneimittel f\u00fcr Pferde, Rinder, Hunde und Katzen und eignet sich zur Steigerung der k\u00f6rpereigenen Abwehr bei bakteriell bedingten Erkrankungen..<\/p>\n","protected":false},"featured_media":93340,"template":"","meta":{"_acf_changed":false},"product_brand":[423],"product_cat":[308],"product_tag":[],"class_list":{"0":"post-93338","1":"product","2":"type-product","3":"status-publish","4":"has-post-thumbnail","6":"product_brand-doskar","7":"product_cat-m","8":"pa_packungsgroesse-50ml","10":"first","11":"instock","12":"shipping-taxable","13":"purchasable","14":"product-type-simple"},"acf":[],"_links":{"self":[{"href":"https:\/\/www.hirtenberg-apotheke.at\/katalog\/wp-json\/wp\/v2\/product\/93338","targetHints":{"allow":["GET"]}}],"collection":[{"href":"https:\/\/www.hirtenberg-apotheke.at\/katalog\/wp-json\/wp\/v2\/product"}],"about":[{"href":"https:\/\/www.hirtenberg-apotheke.at\/katalog\/wp-json\/wp\/v2\/types\/product"}],"wp:featuredmedia":[{"embeddable":true,"href":"https:\/\/www.hirtenberg-apotheke.at\/katalog\/wp-json\/wp\/v2\/media\/93340"}],"wp:attachment":[{"href":"https:\/\/www.hirtenberg-apotheke.at\/katalog\/wp-json\/wp\/v2\/media?parent=93338"}],"wp:term":[{"taxonomy":"product_brand","embeddable":true,"href":"https:\/\/www.hirtenberg-apotheke.at\/katalog\/wp-json\/wp\/v2\/product_brand?post=93338"},{"taxonomy":"product_cat","embeddable":true,"href":"https:\/\/www.hirtenberg-apotheke.at\/katalog\/wp-json\/wp\/v2\/product_cat?post=93338"},{"taxonomy":"product_tag","embeddable":true,"href":"https:\/\/www.hirtenberg-apotheke.at\/katalog\/wp-json\/wp\/v2\/product_tag?post=93338"}],"curies":[{"name":"wp","href":"https:\/\/api.w.org\/{rel}","templated":true}]}}