{"id":93355,"date":"2025-12-02T18:58:34","date_gmt":"2025-12-02T17:58:34","guid":{"rendered":"https:\/\/www.hirtenberg-apotheke.at\/katalog\/produkt\/mag-doskar-fuer-tiere-vet-nr-23-mastitis-50-ml\/"},"modified":"2025-12-02T18:58:50","modified_gmt":"2025-12-02T17:58:50","slug":"mag-doskar-fuer-tiere-vet-nr-23-mastitis-50-ml","status":"publish","type":"product","link":"https:\/\/www.hirtenberg-apotheke.at\/katalog\/produkt\/mag-doskar-fuer-tiere-vet-nr-23-mastitis-50-ml\/","title":{"rendered":"Mag. Doskar f\u00fcr Tiere VET Nr. 23 Mastitis 50 ml"},"content":{"rendered":"<p>Mag. Doskar VET Nr. 23 Mastitis Tropfen &#8211; Anwendungsgebiete gem\u00e4\u00df hom\u00f6opathischen Arzneimittelbildern: (Eitrige) Entz\u00fcndung der Milchdr\u00fcsen.Anwendung:Pferd und Rind: ein- bis viermal pro Stunde 30 \u2013 40 TropfenHund: ein- bis viermal pro Stunde 15 \u2013 20 TropfenKatze: ein- bis viermal pro Stunde 10 \u2013 13 TropfenDie Tropfen unverd\u00fcnnt auf ein St\u00fcck Zucker (bei Pferd und Rind) oder mit Hilfe einer Einmalspritze (ohne Nadel) direkt in das Maul geben..<\/p>\n","protected":false},"excerpt":{"rendered":"<p>Mag. Doskar VET Nr. 23 Mastitis Tropfen &#8211; Anwendungsgebiete gem\u00e4\u00df hom\u00f6opathischen Arzneimittelbildern: (Eitrige) Entz\u00fcndung der Milchdr\u00fcsen.Anwendung:Pferd und Rind: ein- bis viermal pro Stunde 30 \u2013 40 TropfenHund: ein- bis viermal pro Stunde 15 \u2013 20 TropfenKatze: ein- bis viermal pro Stunde 10 \u2013 13 TropfenDie Tropfen unverd\u00fcnnt auf ein St\u00fcck Zucker (bei Pferd und Rind) [&hellip;]<\/p>\n","protected":false},"featured_media":93357,"template":"","meta":{"_acf_changed":false},"product_brand":[423],"product_cat":[308],"product_tag":[],"class_list":{"0":"post-93355","1":"product","2":"type-product","3":"status-publish","4":"has-post-thumbnail","6":"product_brand-doskar","7":"product_cat-m","8":"pa_packungsgroesse-50ml","10":"first","11":"instock","12":"shipping-taxable","13":"purchasable","14":"product-type-simple"},"acf":[],"_links":{"self":[{"href":"https:\/\/www.hirtenberg-apotheke.at\/katalog\/wp-json\/wp\/v2\/product\/93355","targetHints":{"allow":["GET"]}}],"collection":[{"href":"https:\/\/www.hirtenberg-apotheke.at\/katalog\/wp-json\/wp\/v2\/product"}],"about":[{"href":"https:\/\/www.hirtenberg-apotheke.at\/katalog\/wp-json\/wp\/v2\/types\/product"}],"wp:featuredmedia":[{"embeddable":true,"href":"https:\/\/www.hirtenberg-apotheke.at\/katalog\/wp-json\/wp\/v2\/media\/93357"}],"wp:attachment":[{"href":"https:\/\/www.hirtenberg-apotheke.at\/katalog\/wp-json\/wp\/v2\/media?parent=93355"}],"wp:term":[{"taxonomy":"product_brand","embeddable":true,"href":"https:\/\/www.hirtenberg-apotheke.at\/katalog\/wp-json\/wp\/v2\/product_brand?post=93355"},{"taxonomy":"product_cat","embeddable":true,"href":"https:\/\/www.hirtenberg-apotheke.at\/katalog\/wp-json\/wp\/v2\/product_cat?post=93355"},{"taxonomy":"product_tag","embeddable":true,"href":"https:\/\/www.hirtenberg-apotheke.at\/katalog\/wp-json\/wp\/v2\/product_tag?post=93355"}],"curies":[{"name":"wp","href":"https:\/\/api.w.org\/{rel}","templated":true}]}}