{"id":93445,"date":"2025-12-02T19:01:20","date_gmt":"2025-12-02T18:01:20","guid":{"rendered":"https:\/\/www.hirtenberg-apotheke.at\/katalog\/produkt\/weleda-cichorium-plumbo-cultum-d-3-dilutum-50-ml\/"},"modified":"2025-12-02T19:01:23","modified_gmt":"2025-12-02T18:01:23","slug":"weleda-cichorium-plumbo-cultum-d-3-dilutum-50-ml","status":"publish","type":"product","link":"https:\/\/www.hirtenberg-apotheke.at\/katalog\/produkt\/weleda-cichorium-plumbo-cultum-d-3-dilutum-50-ml\/","title":{"rendered":"Weleda Cichorium Plumbo Cultum D 3 Dilutum 50 ml"},"content":{"rendered":"<p>Die hom\u00f6opathisch-anthroposophischen Arzneimittel von Weleda werden auf Grundlage eines einzigartigen Menschen- und Naturverst\u00e4ndnisses entwickelt. Der Mensch ist f\u00fcr Weleda ein Wesen aus K\u00f6rper, Geist, Seele und Bewusstsein<\/p>\n","protected":false},"excerpt":{"rendered":"<p>Die hom\u00f6opathisch-anthroposophischen Arzneimittel von Weleda werden auf Grundlage eines einzigartigen Menschen- und Naturverst\u00e4ndnisses entwickelt. Der Mensch ist f\u00fcr Weleda ein Wesen aus K\u00f6rper, Geist, Seele und Bewusstsein<\/p>\n","protected":false},"featured_media":0,"template":"","meta":{"_acf_changed":false},"product_brand":[554],"product_cat":[368],"product_tag":[],"class_list":{"0":"post-93445","1":"product","2":"type-product","3":"status-publish","5":"product_brand-weleda","6":"product_cat-w","7":"pa_packungsgroesse-50ml","9":"first","10":"instock","11":"shipping-taxable","12":"purchasable","13":"product-type-simple"},"acf":[],"_links":{"self":[{"href":"https:\/\/www.hirtenberg-apotheke.at\/katalog\/wp-json\/wp\/v2\/product\/93445","targetHints":{"allow":["GET"]}}],"collection":[{"href":"https:\/\/www.hirtenberg-apotheke.at\/katalog\/wp-json\/wp\/v2\/product"}],"about":[{"href":"https:\/\/www.hirtenberg-apotheke.at\/katalog\/wp-json\/wp\/v2\/types\/product"}],"wp:attachment":[{"href":"https:\/\/www.hirtenberg-apotheke.at\/katalog\/wp-json\/wp\/v2\/media?parent=93445"}],"wp:term":[{"taxonomy":"product_brand","embeddable":true,"href":"https:\/\/www.hirtenberg-apotheke.at\/katalog\/wp-json\/wp\/v2\/product_brand?post=93445"},{"taxonomy":"product_cat","embeddable":true,"href":"https:\/\/www.hirtenberg-apotheke.at\/katalog\/wp-json\/wp\/v2\/product_cat?post=93445"},{"taxonomy":"product_tag","embeddable":true,"href":"https:\/\/www.hirtenberg-apotheke.at\/katalog\/wp-json\/wp\/v2\/product_tag?post=93445"}],"curies":[{"name":"wp","href":"https:\/\/api.w.org\/{rel}","templated":true}]}}