{"id":9392,"date":"2025-11-25T13:56:17","date_gmt":"2025-11-25T12:56:17","guid":{"rendered":"https:\/\/www.hirtenberg-apotheke.at\/katalog\/produkt\/dr-boehm-knoblauch-nur-1-dragee-taeglich\/"},"modified":"2025-11-25T13:57:21","modified_gmt":"2025-11-25T12:57:21","slug":"dr-boehm-knoblauch-nur-1-dragee-taeglich","status":"publish","type":"product","link":"https:\/\/www.hirtenberg-apotheke.at\/katalog\/produkt\/dr-boehm-knoblauch-nur-1-dragee-taeglich\/","title":{"rendered":"Dr. B\u00f6hm Knoblauch nur 1 Dragee t\u00e4glich"},"content":{"rendered":"<p>Dr. B\u00f6hm Knoblauch Dragees f\u00f6rdern das Ged\u00e4chtnis und sorgen f\u00fcr geistige und k\u00f6rperliche Vitalit\u00e4t bis ins hohe Alter. Zus\u00e4tzlich hat der enthaltene Knoblauch auch auf Cholesterin und Blutfette einen g\u00fcnstigen Einfluss. Diese Dragees sind in den Packungsgr\u00f6\u00dfen 30 und 90 St\u00fcck erh\u00e4ltlich.<\/p>\n","protected":false},"excerpt":{"rendered":"<p>Dr. B\u00f6hm Knoblauch Dragees f\u00f6rdern das Ged\u00e4chtnis und sorgen f\u00fcr geistige und k\u00f6rperliche Vitalit\u00e4t bis ins hohe Alter. Zus\u00e4tzlich hat der enthaltene Knoblauch auch auf Cholesterin und Blutfette einen g\u00fcnstigen Einfluss. Diese Dragees sind in den Packungsgr\u00f6\u00dfen 30 und 90 St\u00fcck erh\u00e4ltlich.<\/p>\n","protected":false},"featured_media":9394,"template":"","meta":{"_acf_changed":false},"product_brand":[294],"product_cat":[295],"product_tag":[],"class_list":{"0":"post-9392","1":"product","2":"type-product","3":"status-publish","4":"has-post-thumbnail","6":"product_brand-dr-boehm","7":"product_cat-d","8":"pa_packungsgroesse-30-stueck","9":"pa_packungsgroesse-90-stueck","11":"first","12":"instock","13":"shipping-taxable","14":"purchasable","15":"product-type-simple"},"acf":[],"_links":{"self":[{"href":"https:\/\/www.hirtenberg-apotheke.at\/katalog\/wp-json\/wp\/v2\/product\/9392","targetHints":{"allow":["GET"]}}],"collection":[{"href":"https:\/\/www.hirtenberg-apotheke.at\/katalog\/wp-json\/wp\/v2\/product"}],"about":[{"href":"https:\/\/www.hirtenberg-apotheke.at\/katalog\/wp-json\/wp\/v2\/types\/product"}],"wp:featuredmedia":[{"embeddable":true,"href":"https:\/\/www.hirtenberg-apotheke.at\/katalog\/wp-json\/wp\/v2\/media\/9394"}],"wp:attachment":[{"href":"https:\/\/www.hirtenberg-apotheke.at\/katalog\/wp-json\/wp\/v2\/media?parent=9392"}],"wp:term":[{"taxonomy":"product_brand","embeddable":true,"href":"https:\/\/www.hirtenberg-apotheke.at\/katalog\/wp-json\/wp\/v2\/product_brand?post=9392"},{"taxonomy":"product_cat","embeddable":true,"href":"https:\/\/www.hirtenberg-apotheke.at\/katalog\/wp-json\/wp\/v2\/product_cat?post=9392"},{"taxonomy":"product_tag","embeddable":true,"href":"https:\/\/www.hirtenberg-apotheke.at\/katalog\/wp-json\/wp\/v2\/product_tag?post=9392"}],"curies":[{"name":"wp","href":"https:\/\/api.w.org\/{rel}","templated":true}]}}