{"id":93996,"date":"2025-12-02T19:36:31","date_gmt":"2025-12-02T18:36:31","guid":{"rendered":"https:\/\/www.hirtenberg-apotheke.at\/katalog\/produkt\/allergika-dermifant-sonnen-creme-lsf-50-100-ml\/"},"modified":"2025-12-02T19:36:33","modified_gmt":"2025-12-02T18:36:33","slug":"allergika-dermifant-sonnen-creme-lsf-50-100-ml","status":"publish","type":"product","link":"https:\/\/www.hirtenberg-apotheke.at\/katalog\/produkt\/allergika-dermifant-sonnen-creme-lsf-50-100-ml\/","title":{"rendered":"Allergika Dermifant Sonnen Creme LSF 50 100 ml"},"content":{"rendered":"<p>Allergika Dermifant Sonnen Creme LSF 50 bietet besonders sicheren Schutz vor UVB-Strahlen und UVA-Strahlen und damit vor Sonnenunvertr\u00e4glichkeiten wie Sonnenbrand und Sonnenallergie. Au\u00dferdem bietet die Creme Sofortschutz durch mineralische UV-Filter. Das enthaltene Vitamin E st\u00e4rkt zudem die hauteigenen Zellschutzmechanismen. Schnell einziehend und nicht fettend.<\/p>\n","protected":false},"excerpt":{"rendered":"<p>Allergika Dermifant Sonnen Creme LSF 50 bietet besonders sicheren Schutz vor UVB-Strahlen und UVA-Strahlen und damit vor Sonnenunvertr\u00e4glichkeiten wie Sonnenbrand und Sonnenallergie. Au\u00dferdem bietet die Creme Sofortschutz durch mineralische UV-Filter. Das enthaltene Vitamin E st\u00e4rkt zudem die hauteigenen Zellschutzmechanismen. Schnell einziehend und nicht fettend.<\/p>\n","protected":false},"featured_media":0,"template":"","meta":{"_acf_changed":false},"product_brand":[366],"product_cat":[299],"product_tag":[],"class_list":{"0":"post-93996","1":"product","2":"type-product","3":"status-publish","5":"product_brand-allergika","6":"product_cat-a","7":"pa_packungsgroesse-100ml","9":"first","10":"instock","11":"shipping-taxable","12":"purchasable","13":"product-type-simple"},"acf":[],"_links":{"self":[{"href":"https:\/\/www.hirtenberg-apotheke.at\/katalog\/wp-json\/wp\/v2\/product\/93996","targetHints":{"allow":["GET"]}}],"collection":[{"href":"https:\/\/www.hirtenberg-apotheke.at\/katalog\/wp-json\/wp\/v2\/product"}],"about":[{"href":"https:\/\/www.hirtenberg-apotheke.at\/katalog\/wp-json\/wp\/v2\/types\/product"}],"wp:attachment":[{"href":"https:\/\/www.hirtenberg-apotheke.at\/katalog\/wp-json\/wp\/v2\/media?parent=93996"}],"wp:term":[{"taxonomy":"product_brand","embeddable":true,"href":"https:\/\/www.hirtenberg-apotheke.at\/katalog\/wp-json\/wp\/v2\/product_brand?post=93996"},{"taxonomy":"product_cat","embeddable":true,"href":"https:\/\/www.hirtenberg-apotheke.at\/katalog\/wp-json\/wp\/v2\/product_cat?post=93996"},{"taxonomy":"product_tag","embeddable":true,"href":"https:\/\/www.hirtenberg-apotheke.at\/katalog\/wp-json\/wp\/v2\/product_tag?post=93996"}],"curies":[{"name":"wp","href":"https:\/\/api.w.org\/{rel}","templated":true}]}}