{"id":94005,"date":"2025-12-02T19:36:31","date_gmt":"2025-12-02T18:36:31","guid":{"rendered":"https:\/\/www.hirtenberg-apotheke.at\/katalog\/produkt\/desloratadin-pharma-5-mg-filmtabletten-10-stk\/"},"modified":"2025-12-02T19:36:46","modified_gmt":"2025-12-02T18:36:46","slug":"desloratadin-pharma-5-mg-filmtabletten-10-stk","status":"publish","type":"product","link":"https:\/\/www.hirtenberg-apotheke.at\/katalog\/produkt\/desloratadin-pharma-5-mg-filmtabletten-10-stk\/","title":{"rendered":"Desloratadin +pharma 5 mg Filmtabletten 10 Stk."},"content":{"rendered":"<p>Desloratadin +pharma 5 mg Filmtabletten ist ein Arzneimittel, das bei allergischen Reaktionen angewendet werden kann und dessen Wirkung den ganzen Tag anh\u00e4lt. Es mildert allergiebedingte Symptome (Entz\u00fcndung der Naseng\u00e4nge, Schnupfen, tr\u00e4nende Augen) und wirkt zudem gegen Juckreiz und Quaddeln auf der Haut.<\/p>\n","protected":false},"excerpt":{"rendered":"<p>Desloratadin +pharma 5 mg Filmtabletten ist ein Arzneimittel, das bei allergischen Reaktionen angewendet werden kann und dessen Wirkung den ganzen Tag anh\u00e4lt. Es mildert allergiebedingte Symptome (Entz\u00fcndung der Naseng\u00e4nge, Schnupfen, tr\u00e4nende Augen) und wirkt zudem gegen Juckreiz und Quaddeln auf der Haut.<\/p>\n","protected":false},"featured_media":94007,"template":"","meta":{"_acf_changed":false},"product_brand":[],"product_cat":[295],"product_tag":[],"class_list":{"0":"post-94005","1":"product","2":"type-product","3":"status-publish","4":"has-post-thumbnail","6":"product_cat-d","7":"pa_packungsgroesse-10-stueck","9":"first","10":"instock","11":"shipping-taxable","12":"purchasable","13":"product-type-simple"},"acf":[],"_links":{"self":[{"href":"https:\/\/www.hirtenberg-apotheke.at\/katalog\/wp-json\/wp\/v2\/product\/94005","targetHints":{"allow":["GET"]}}],"collection":[{"href":"https:\/\/www.hirtenberg-apotheke.at\/katalog\/wp-json\/wp\/v2\/product"}],"about":[{"href":"https:\/\/www.hirtenberg-apotheke.at\/katalog\/wp-json\/wp\/v2\/types\/product"}],"wp:featuredmedia":[{"embeddable":true,"href":"https:\/\/www.hirtenberg-apotheke.at\/katalog\/wp-json\/wp\/v2\/media\/94007"}],"wp:attachment":[{"href":"https:\/\/www.hirtenberg-apotheke.at\/katalog\/wp-json\/wp\/v2\/media?parent=94005"}],"wp:term":[{"taxonomy":"product_brand","embeddable":true,"href":"https:\/\/www.hirtenberg-apotheke.at\/katalog\/wp-json\/wp\/v2\/product_brand?post=94005"},{"taxonomy":"product_cat","embeddable":true,"href":"https:\/\/www.hirtenberg-apotheke.at\/katalog\/wp-json\/wp\/v2\/product_cat?post=94005"},{"taxonomy":"product_tag","embeddable":true,"href":"https:\/\/www.hirtenberg-apotheke.at\/katalog\/wp-json\/wp\/v2\/product_tag?post=94005"}],"curies":[{"name":"wp","href":"https:\/\/api.w.org\/{rel}","templated":true}]}}