{"id":94221,"date":"2025-12-02T19:43:21","date_gmt":"2025-12-02T18:43:21","guid":{"rendered":"https:\/\/www.hirtenberg-apotheke.at\/katalog\/produkt\/huebner-eisenvital-m-kautabletten-30-stk\/"},"modified":"2025-12-02T19:44:12","modified_gmt":"2025-12-02T18:44:12","slug":"huebner-eisenvital-m-kautabletten-30-stk","status":"publish","type":"product","link":"https:\/\/www.hirtenberg-apotheke.at\/katalog\/produkt\/huebner-eisenvital-m-kautabletten-30-stk\/","title":{"rendered":"H\u00fcbner Eisenvital M Kautabletten 30 Stk."},"content":{"rendered":"<p>H\u00fcbner Eisenvital M Kautabletten enth\u00e4lt eine neue Generation an Eisen. Die mikrofeinen Eisen M+-K\u00fcgelchen sind mit einer Schutzh\u00fclle \u00fcberzogen und passieren so weitestgehend gesch\u00fctzt den Magen, ohne die Schleimhaut anzugreifen. Das Eisen wird vorwiegend im oberen D\u00fcnndarm freigesetzt. So treten Magenreizungen praktisch nicht mehr auf.<\/p>\n","protected":false},"excerpt":{"rendered":"<p>H\u00fcbner Eisenvital M Kautabletten enth\u00e4lt eine neue Generation an Eisen. Die mikrofeinen Eisen M+-K\u00fcgelchen sind mit einer Schutzh\u00fclle \u00fcberzogen und passieren so weitestgehend gesch\u00fctzt den Magen, ohne die Schleimhaut anzugreifen. Das Eisen wird vorwiegend im oberen D\u00fcnndarm freigesetzt. So treten Magenreizungen praktisch nicht mehr auf.<\/p>\n","protected":false},"featured_media":94223,"template":"","meta":{"_acf_changed":false},"product_brand":[],"product_cat":[330],"product_tag":[],"class_list":{"0":"post-94221","1":"product","2":"type-product","3":"status-publish","4":"has-post-thumbnail","6":"product_cat-h","7":"pa_packungsgroesse-30-stueck","9":"first","10":"instock","11":"shipping-taxable","12":"purchasable","13":"product-type-simple"},"acf":[],"_links":{"self":[{"href":"https:\/\/www.hirtenberg-apotheke.at\/katalog\/wp-json\/wp\/v2\/product\/94221","targetHints":{"allow":["GET"]}}],"collection":[{"href":"https:\/\/www.hirtenberg-apotheke.at\/katalog\/wp-json\/wp\/v2\/product"}],"about":[{"href":"https:\/\/www.hirtenberg-apotheke.at\/katalog\/wp-json\/wp\/v2\/types\/product"}],"wp:featuredmedia":[{"embeddable":true,"href":"https:\/\/www.hirtenberg-apotheke.at\/katalog\/wp-json\/wp\/v2\/media\/94223"}],"wp:attachment":[{"href":"https:\/\/www.hirtenberg-apotheke.at\/katalog\/wp-json\/wp\/v2\/media?parent=94221"}],"wp:term":[{"taxonomy":"product_brand","embeddable":true,"href":"https:\/\/www.hirtenberg-apotheke.at\/katalog\/wp-json\/wp\/v2\/product_brand?post=94221"},{"taxonomy":"product_cat","embeddable":true,"href":"https:\/\/www.hirtenberg-apotheke.at\/katalog\/wp-json\/wp\/v2\/product_cat?post=94221"},{"taxonomy":"product_tag","embeddable":true,"href":"https:\/\/www.hirtenberg-apotheke.at\/katalog\/wp-json\/wp\/v2\/product_tag?post=94221"}],"curies":[{"name":"wp","href":"https:\/\/api.w.org\/{rel}","templated":true}]}}