{"id":94253,"date":"2025-12-02T19:44:56","date_gmt":"2025-12-02T18:44:56","guid":{"rendered":"https:\/\/www.hirtenberg-apotheke.at\/katalog\/produkt\/dr-beckmann-entfaerber-3-in-1-200-g\/"},"modified":"2025-12-02T19:45:13","modified_gmt":"2025-12-02T18:45:13","slug":"dr-beckmann-entfaerber-3-in-1-200-g","status":"publish","type":"product","link":"https:\/\/www.hirtenberg-apotheke.at\/katalog\/produkt\/dr-beckmann-entfaerber-3-in-1-200-g\/","title":{"rendered":"Dr. Beckmann Entf\u00e4rber 3 in 1 200 g"},"content":{"rendered":"<p>Dr. Beckmann Entf\u00e4rber 3 in 1 kann die Originalfarben wieder herstellen. Spezielle Inhaltsstoffe entfernen die Verf\u00e4rbungen. Die Kleidung sieht nach dem Entf\u00e4rben wieder aus wie zuvor.<\/p>\n","protected":false},"excerpt":{"rendered":"<p>Dr. Beckmann Entf\u00e4rber 3 in 1 kann die Originalfarben wieder herstellen. Spezielle Inhaltsstoffe entfernen die Verf\u00e4rbungen. Die Kleidung sieht nach dem Entf\u00e4rben wieder aus wie zuvor.<\/p>\n","protected":false},"featured_media":94255,"template":"","meta":{"_acf_changed":false},"product_brand":[],"product_cat":[295],"product_tag":[],"class_list":{"0":"post-94253","1":"product","2":"type-product","3":"status-publish","4":"has-post-thumbnail","6":"product_cat-d","7":"pa_packungsgroesse-200g","9":"first","10":"instock","11":"shipping-taxable","12":"purchasable","13":"product-type-simple"},"acf":[],"_links":{"self":[{"href":"https:\/\/www.hirtenberg-apotheke.at\/katalog\/wp-json\/wp\/v2\/product\/94253","targetHints":{"allow":["GET"]}}],"collection":[{"href":"https:\/\/www.hirtenberg-apotheke.at\/katalog\/wp-json\/wp\/v2\/product"}],"about":[{"href":"https:\/\/www.hirtenberg-apotheke.at\/katalog\/wp-json\/wp\/v2\/types\/product"}],"wp:featuredmedia":[{"embeddable":true,"href":"https:\/\/www.hirtenberg-apotheke.at\/katalog\/wp-json\/wp\/v2\/media\/94255"}],"wp:attachment":[{"href":"https:\/\/www.hirtenberg-apotheke.at\/katalog\/wp-json\/wp\/v2\/media?parent=94253"}],"wp:term":[{"taxonomy":"product_brand","embeddable":true,"href":"https:\/\/www.hirtenberg-apotheke.at\/katalog\/wp-json\/wp\/v2\/product_brand?post=94253"},{"taxonomy":"product_cat","embeddable":true,"href":"https:\/\/www.hirtenberg-apotheke.at\/katalog\/wp-json\/wp\/v2\/product_cat?post=94253"},{"taxonomy":"product_tag","embeddable":true,"href":"https:\/\/www.hirtenberg-apotheke.at\/katalog\/wp-json\/wp\/v2\/product_tag?post=94253"}],"curies":[{"name":"wp","href":"https:\/\/api.w.org\/{rel}","templated":true}]}}