{"id":94287,"date":"2025-12-02T19:46:07","date_gmt":"2025-12-02T18:46:07","guid":{"rendered":"https:\/\/www.hirtenberg-apotheke.at\/katalog\/produkt\/eucerin-anti-pigment-nachtpflege-50-ml\/"},"modified":"2025-12-02T19:46:41","modified_gmt":"2025-12-02T18:46:41","slug":"eucerin-anti-pigment-nachtpflege-50-ml","status":"publish","type":"product","link":"https:\/\/www.hirtenberg-apotheke.at\/katalog\/produkt\/eucerin-anti-pigment-nachtpflege-50-ml\/","title":{"rendered":"Eucerin Anti-Pigment Nachtpflege 50 ml"},"content":{"rendered":"<p>Eucerin Anti-Pigment Nachtpflege reduziert Pigmentflecken sichtbar und verhindert deren Neuentstehung. Eucerin ANTI-PIGMENT Nachtpflege mit Dexpanthenol enth\u00e4lt den hochwirksamen und patentierten Wirkstoff Thiamidol, welcher die Melanin-Produktion hemmt und so am Ursprung der Hyperpigmentierung wirkt.  Eine regenerierende Nachtpflege f\u00fcr einen ebenm\u00e4\u00dfigen und strahlenden Teint.<\/p>\n","protected":false},"excerpt":{"rendered":"<p>Eucerin Anti-Pigment Nachtpflege reduziert Pigmentflecken sichtbar und verhindert deren Neuentstehung. Eucerin ANTI-PIGMENT Nachtpflege mit Dexpanthenol enth\u00e4lt den hochwirksamen und patentierten Wirkstoff Thiamidol, welcher die Melanin-Produktion hemmt und so am Ursprung der Hyperpigmentierung wirkt. Eine regenerierende Nachtpflege f\u00fcr einen ebenm\u00e4\u00dfigen und strahlenden Teint.<\/p>\n","protected":false},"featured_media":94289,"template":"","meta":{"_acf_changed":false},"product_brand":[694],"product_cat":[307],"product_tag":[],"class_list":{"0":"post-94287","1":"product","2":"type-product","3":"status-publish","4":"has-post-thumbnail","6":"product_brand-eucerin","7":"product_cat-e","8":"pa_packungsgroesse-50ml","10":"first","11":"instock","12":"shipping-taxable","13":"purchasable","14":"product-type-simple"},"acf":[],"_links":{"self":[{"href":"https:\/\/www.hirtenberg-apotheke.at\/katalog\/wp-json\/wp\/v2\/product\/94287","targetHints":{"allow":["GET"]}}],"collection":[{"href":"https:\/\/www.hirtenberg-apotheke.at\/katalog\/wp-json\/wp\/v2\/product"}],"about":[{"href":"https:\/\/www.hirtenberg-apotheke.at\/katalog\/wp-json\/wp\/v2\/types\/product"}],"wp:featuredmedia":[{"embeddable":true,"href":"https:\/\/www.hirtenberg-apotheke.at\/katalog\/wp-json\/wp\/v2\/media\/94289"}],"wp:attachment":[{"href":"https:\/\/www.hirtenberg-apotheke.at\/katalog\/wp-json\/wp\/v2\/media?parent=94287"}],"wp:term":[{"taxonomy":"product_brand","embeddable":true,"href":"https:\/\/www.hirtenberg-apotheke.at\/katalog\/wp-json\/wp\/v2\/product_brand?post=94287"},{"taxonomy":"product_cat","embeddable":true,"href":"https:\/\/www.hirtenberg-apotheke.at\/katalog\/wp-json\/wp\/v2\/product_cat?post=94287"},{"taxonomy":"product_tag","embeddable":true,"href":"https:\/\/www.hirtenberg-apotheke.at\/katalog\/wp-json\/wp\/v2\/product_tag?post=94287"}],"curies":[{"name":"wp","href":"https:\/\/api.w.org\/{rel}","templated":true}]}}