{"id":94322,"date":"2025-12-02T20:31:42","date_gmt":"2025-12-02T19:31:42","guid":{"rendered":"https:\/\/www.hirtenberg-apotheke.at\/katalog\/produkt\/fangocur-mundspray-15-ml-fresh\/"},"modified":"2025-12-02T20:31:46","modified_gmt":"2025-12-02T19:31:46","slug":"fangocur-mundspray-15-ml-fresh","status":"publish","type":"product","link":"https:\/\/www.hirtenberg-apotheke.at\/katalog\/produkt\/fangocur-mundspray-15-ml-fresh\/","title":{"rendered":"Fangocur Mundspray 15 ml Fresh"},"content":{"rendered":"<p>Fangocur Mundspray gibt einen langanhaltenden, frischen Atem und bek\u00e4mpft das \u00dcbel an seiner Wurzel. Durch die antibakterielle und entz\u00fcndungshemmende Wirkung werden die Bakterien bereits im Mund- und Rachenbereich bek\u00e4mpft.Dieses Produkt erhalten Sie in den Varianten Fresh und Strong.<\/p>\n","protected":false},"excerpt":{"rendered":"<p>Fangocur Mundspray gibt einen langanhaltenden, frischen Atem und bek\u00e4mpft das \u00dcbel an seiner Wurzel. Durch die antibakterielle und entz\u00fcndungshemmende Wirkung werden die Bakterien bereits im Mund- und Rachenbereich bek\u00e4mpft.Dieses Produkt erhalten Sie in den Varianten Fresh und Strong.<\/p>\n","protected":false},"featured_media":94324,"template":"","meta":{"_acf_changed":false},"product_brand":[],"product_cat":[322],"product_tag":[],"class_list":{"0":"post-94322","1":"product","2":"type-product","3":"status-publish","4":"has-post-thumbnail","6":"product_cat-f","7":"pa_packungsgroesse-15ml","9":"first","10":"instock","11":"shipping-taxable","12":"purchasable","13":"product-type-simple"},"acf":[],"_links":{"self":[{"href":"https:\/\/www.hirtenberg-apotheke.at\/katalog\/wp-json\/wp\/v2\/product\/94322","targetHints":{"allow":["GET"]}}],"collection":[{"href":"https:\/\/www.hirtenberg-apotheke.at\/katalog\/wp-json\/wp\/v2\/product"}],"about":[{"href":"https:\/\/www.hirtenberg-apotheke.at\/katalog\/wp-json\/wp\/v2\/types\/product"}],"wp:featuredmedia":[{"embeddable":true,"href":"https:\/\/www.hirtenberg-apotheke.at\/katalog\/wp-json\/wp\/v2\/media\/94324"}],"wp:attachment":[{"href":"https:\/\/www.hirtenberg-apotheke.at\/katalog\/wp-json\/wp\/v2\/media?parent=94322"}],"wp:term":[{"taxonomy":"product_brand","embeddable":true,"href":"https:\/\/www.hirtenberg-apotheke.at\/katalog\/wp-json\/wp\/v2\/product_brand?post=94322"},{"taxonomy":"product_cat","embeddable":true,"href":"https:\/\/www.hirtenberg-apotheke.at\/katalog\/wp-json\/wp\/v2\/product_cat?post=94322"},{"taxonomy":"product_tag","embeddable":true,"href":"https:\/\/www.hirtenberg-apotheke.at\/katalog\/wp-json\/wp\/v2\/product_tag?post=94322"}],"curies":[{"name":"wp","href":"https:\/\/api.w.org\/{rel}","templated":true}]}}