{"id":94368,"date":"2025-12-02T20:32:52","date_gmt":"2025-12-02T19:32:52","guid":{"rendered":"https:\/\/www.hirtenberg-apotheke.at\/katalog\/produkt\/feh-taschentuecher-classic-150-stk\/"},"modified":"2025-12-02T20:33:03","modified_gmt":"2025-12-02T19:33:03","slug":"feh-taschentuecher-classic-150-stk","status":"publish","type":"product","link":"https:\/\/www.hirtenberg-apotheke.at\/katalog\/produkt\/feh-taschentuecher-classic-150-stk\/","title":{"rendered":"FEH Taschent\u00fccher Classic 150 Stk."},"content":{"rendered":"<p>feh classic Taschent\u00fccher duften nicht nur angenehm zart nach Lavendel-Orange, sondern sind au\u00dferdem besonders weich und daher auch f\u00fcr empfindliche Nasen geeignet..<\/p>\n","protected":false},"excerpt":{"rendered":"<p>feh classic Taschent\u00fccher duften nicht nur angenehm zart nach Lavendel-Orange, sondern sind au\u00dferdem besonders weich und daher auch f\u00fcr empfindliche Nasen geeignet..<\/p>\n","protected":false},"featured_media":94370,"template":"","meta":{"_acf_changed":false},"product_brand":[],"product_cat":[322],"product_tag":[],"class_list":{"0":"post-94368","1":"product","2":"type-product","3":"status-publish","4":"has-post-thumbnail","6":"product_cat-f","7":"pa_packungsgroesse-135-stueck","9":"first","10":"instock","11":"shipping-taxable","12":"purchasable","13":"product-type-simple"},"acf":[],"_links":{"self":[{"href":"https:\/\/www.hirtenberg-apotheke.at\/katalog\/wp-json\/wp\/v2\/product\/94368","targetHints":{"allow":["GET"]}}],"collection":[{"href":"https:\/\/www.hirtenberg-apotheke.at\/katalog\/wp-json\/wp\/v2\/product"}],"about":[{"href":"https:\/\/www.hirtenberg-apotheke.at\/katalog\/wp-json\/wp\/v2\/types\/product"}],"wp:featuredmedia":[{"embeddable":true,"href":"https:\/\/www.hirtenberg-apotheke.at\/katalog\/wp-json\/wp\/v2\/media\/94370"}],"wp:attachment":[{"href":"https:\/\/www.hirtenberg-apotheke.at\/katalog\/wp-json\/wp\/v2\/media?parent=94368"}],"wp:term":[{"taxonomy":"product_brand","embeddable":true,"href":"https:\/\/www.hirtenberg-apotheke.at\/katalog\/wp-json\/wp\/v2\/product_brand?post=94368"},{"taxonomy":"product_cat","embeddable":true,"href":"https:\/\/www.hirtenberg-apotheke.at\/katalog\/wp-json\/wp\/v2\/product_cat?post=94368"},{"taxonomy":"product_tag","embeddable":true,"href":"https:\/\/www.hirtenberg-apotheke.at\/katalog\/wp-json\/wp\/v2\/product_tag?post=94368"}],"curies":[{"name":"wp","href":"https:\/\/api.w.org\/{rel}","templated":true}]}}