{"id":94383,"date":"2025-12-02T20:33:02","date_gmt":"2025-12-02T19:33:02","guid":{"rendered":"https:\/\/www.hirtenberg-apotheke.at\/katalog\/produkt\/ferrobio-eisentabletten-18-mg-40-stk\/"},"modified":"2025-12-02T20:33:29","modified_gmt":"2025-12-02T19:33:29","slug":"ferrobio-eisentabletten-18-mg-40-stk","status":"publish","type":"product","link":"https:\/\/www.hirtenberg-apotheke.at\/katalog\/produkt\/ferrobio-eisentabletten-18-mg-40-stk\/","title":{"rendered":"FerroBio Eisentabletten 18 mg 40 stk."},"content":{"rendered":"<p>FerroBio Eisentabletten 18 mg versorgen den K\u00f6rper mit Eisen, wenn der Bedarf durch die normale Ern\u00e4hrung nicht gedeckt werden kann. Dank der besonderen Form als H\u00e4m-Eisen besitzt das Pr\u00e4parat eine hohe Bioverf\u00fcgbarkeit und kann besonders gut vom K\u00f6rper aufgenommen werden..<\/p>\n","protected":false},"excerpt":{"rendered":"<p>FerroBio Eisentabletten 18 mg versorgen den K\u00f6rper mit Eisen, wenn der Bedarf durch die normale Ern\u00e4hrung nicht gedeckt werden kann. Dank der besonderen Form als H\u00e4m-Eisen besitzt das Pr\u00e4parat eine hohe Bioverf\u00fcgbarkeit und kann besonders gut vom K\u00f6rper aufgenommen werden..<\/p>\n","protected":false},"featured_media":0,"template":"","meta":{"_acf_changed":false},"product_brand":[],"product_cat":[322],"product_tag":[],"class_list":{"0":"post-94383","1":"product","2":"type-product","3":"status-publish","5":"product_cat-f","6":"pa_packungsgroesse-40-stueck","8":"first","9":"instock","10":"shipping-taxable","11":"purchasable","12":"product-type-simple"},"acf":[],"_links":{"self":[{"href":"https:\/\/www.hirtenberg-apotheke.at\/katalog\/wp-json\/wp\/v2\/product\/94383","targetHints":{"allow":["GET"]}}],"collection":[{"href":"https:\/\/www.hirtenberg-apotheke.at\/katalog\/wp-json\/wp\/v2\/product"}],"about":[{"href":"https:\/\/www.hirtenberg-apotheke.at\/katalog\/wp-json\/wp\/v2\/types\/product"}],"wp:attachment":[{"href":"https:\/\/www.hirtenberg-apotheke.at\/katalog\/wp-json\/wp\/v2\/media?parent=94383"}],"wp:term":[{"taxonomy":"product_brand","embeddable":true,"href":"https:\/\/www.hirtenberg-apotheke.at\/katalog\/wp-json\/wp\/v2\/product_brand?post=94383"},{"taxonomy":"product_cat","embeddable":true,"href":"https:\/\/www.hirtenberg-apotheke.at\/katalog\/wp-json\/wp\/v2\/product_cat?post=94383"},{"taxonomy":"product_tag","embeddable":true,"href":"https:\/\/www.hirtenberg-apotheke.at\/katalog\/wp-json\/wp\/v2\/product_tag?post=94383"}],"curies":[{"name":"wp","href":"https:\/\/api.w.org\/{rel}","templated":true}]}}