{"id":94385,"date":"2025-12-02T20:33:29","date_gmt":"2025-12-02T19:33:29","guid":{"rendered":"https:\/\/www.hirtenberg-apotheke.at\/katalog\/produkt\/life-light-ferrosin-eisen-kapseln-60-stk\/"},"modified":"2025-12-02T20:33:35","modified_gmt":"2025-12-02T19:33:35","slug":"life-light-ferrosin-eisen-kapseln-60-stk","status":"publish","type":"product","link":"https:\/\/www.hirtenberg-apotheke.at\/katalog\/produkt\/life-light-ferrosin-eisen-kapseln-60-stk\/","title":{"rendered":"Life Light Ferrosin Eisen Kapseln 60 Stk."},"content":{"rendered":"<p>Life Light Ferrosin Eisen Kapseln sind ein orthomolekularer Mikron\u00e4hrstoffkomplex mit organischem Eisengluconat. Eisen tr\u00e4gt insbesondere zum normalen Sauerstofftransport im K\u00f6rper sowie mit den zugesetzten Vitaminen B2, B3, B5, B6, B12 und C zu einem normalen Energiestoffwechsel und zur Verringerung von M\u00fcdigkeit und Erm\u00fcdung bei.<\/p>\n","protected":false},"excerpt":{"rendered":"<p>Life Light Ferrosin Eisen Kapseln sind ein orthomolekularer Mikron\u00e4hrstoffkomplex mit organischem Eisengluconat. Eisen tr\u00e4gt insbesondere zum normalen Sauerstofftransport im K\u00f6rper sowie mit den zugesetzten Vitaminen B2, B3, B5, B6, B12 und C zu einem normalen Energiestoffwechsel und zur Verringerung von M\u00fcdigkeit und Erm\u00fcdung bei.<\/p>\n","protected":false},"featured_media":94387,"template":"","meta":{"_acf_changed":false},"product_brand":[],"product_cat":[317],"product_tag":[],"class_list":{"0":"post-94385","1":"product","2":"type-product","3":"status-publish","4":"has-post-thumbnail","6":"product_cat-l","7":"pa_packungsgroesse-60-stueck","9":"first","10":"instock","11":"shipping-taxable","12":"purchasable","13":"product-type-simple"},"acf":[],"_links":{"self":[{"href":"https:\/\/www.hirtenberg-apotheke.at\/katalog\/wp-json\/wp\/v2\/product\/94385","targetHints":{"allow":["GET"]}}],"collection":[{"href":"https:\/\/www.hirtenberg-apotheke.at\/katalog\/wp-json\/wp\/v2\/product"}],"about":[{"href":"https:\/\/www.hirtenberg-apotheke.at\/katalog\/wp-json\/wp\/v2\/types\/product"}],"wp:featuredmedia":[{"embeddable":true,"href":"https:\/\/www.hirtenberg-apotheke.at\/katalog\/wp-json\/wp\/v2\/media\/94387"}],"wp:attachment":[{"href":"https:\/\/www.hirtenberg-apotheke.at\/katalog\/wp-json\/wp\/v2\/media?parent=94385"}],"wp:term":[{"taxonomy":"product_brand","embeddable":true,"href":"https:\/\/www.hirtenberg-apotheke.at\/katalog\/wp-json\/wp\/v2\/product_brand?post=94385"},{"taxonomy":"product_cat","embeddable":true,"href":"https:\/\/www.hirtenberg-apotheke.at\/katalog\/wp-json\/wp\/v2\/product_cat?post=94385"},{"taxonomy":"product_tag","embeddable":true,"href":"https:\/\/www.hirtenberg-apotheke.at\/katalog\/wp-json\/wp\/v2\/product_tag?post=94385"}],"curies":[{"name":"wp","href":"https:\/\/api.w.org\/{rel}","templated":true}]}}