{"id":94398,"date":"2025-12-02T20:33:41","date_gmt":"2025-12-02T19:33:41","guid":{"rendered":"https:\/\/www.hirtenberg-apotheke.at\/katalog\/produkt\/dr-beckmann-fleckenteufel-fetthalt-saucen-50-ml\/"},"modified":"2025-12-02T20:33:48","modified_gmt":"2025-12-02T19:33:48","slug":"dr-beckmann-fleckenteufel-fetthalt-saucen-50-ml","status":"publish","type":"product","link":"https:\/\/www.hirtenberg-apotheke.at\/katalog\/produkt\/dr-beckmann-fleckenteufel-fetthalt-saucen-50-ml\/","title":{"rendered":"Dr. Beckmann Fleckenteufel Fetthalt\/Saucen 50 ml"},"content":{"rendered":"<p>Dr. Beckmann Fleckenteufel Fetthalt\/Saucen basiert auf einer speziellen Fettl\u00f6seformel, bei der verschiedene hocheffektive Tenside kombiniert wurden. Diese benetzen den Fleck und l\u00f6sen ihn vom Gewebe. Dieses Produkt entfernt nicht nur Fettflecken, sondern auch Speise\u00f6l, Saucen, Ketchup, Schokolade, Mayonnaise oder Butter.<\/p>\n","protected":false},"excerpt":{"rendered":"<p>Dr. Beckmann Fleckenteufel Fetthalt\/Saucen basiert auf einer speziellen Fettl\u00f6seformel, bei der verschiedene hocheffektive Tenside kombiniert wurden. Diese benetzen den Fleck und l\u00f6sen ihn vom Gewebe. Dieses Produkt entfernt nicht nur Fettflecken, sondern auch Speise\u00f6l, Saucen, Ketchup, Schokolade, Mayonnaise oder Butter.<\/p>\n","protected":false},"featured_media":94400,"template":"","meta":{"_acf_changed":false},"product_brand":[],"product_cat":[295],"product_tag":[],"class_list":{"0":"post-94398","1":"product","2":"type-product","3":"status-publish","4":"has-post-thumbnail","6":"product_cat-d","7":"pa_packungsgroesse-50ml","9":"first","10":"instock","11":"shipping-taxable","12":"purchasable","13":"product-type-simple"},"acf":[],"_links":{"self":[{"href":"https:\/\/www.hirtenberg-apotheke.at\/katalog\/wp-json\/wp\/v2\/product\/94398","targetHints":{"allow":["GET"]}}],"collection":[{"href":"https:\/\/www.hirtenberg-apotheke.at\/katalog\/wp-json\/wp\/v2\/product"}],"about":[{"href":"https:\/\/www.hirtenberg-apotheke.at\/katalog\/wp-json\/wp\/v2\/types\/product"}],"wp:featuredmedia":[{"embeddable":true,"href":"https:\/\/www.hirtenberg-apotheke.at\/katalog\/wp-json\/wp\/v2\/media\/94400"}],"wp:attachment":[{"href":"https:\/\/www.hirtenberg-apotheke.at\/katalog\/wp-json\/wp\/v2\/media?parent=94398"}],"wp:term":[{"taxonomy":"product_brand","embeddable":true,"href":"https:\/\/www.hirtenberg-apotheke.at\/katalog\/wp-json\/wp\/v2\/product_brand?post=94398"},{"taxonomy":"product_cat","embeddable":true,"href":"https:\/\/www.hirtenberg-apotheke.at\/katalog\/wp-json\/wp\/v2\/product_cat?post=94398"},{"taxonomy":"product_tag","embeddable":true,"href":"https:\/\/www.hirtenberg-apotheke.at\/katalog\/wp-json\/wp\/v2\/product_tag?post=94398"}],"curies":[{"name":"wp","href":"https:\/\/api.w.org\/{rel}","templated":true}]}}