{"id":94443,"date":"2025-12-02T20:34:44","date_gmt":"2025-12-02T19:34:44","guid":{"rendered":"https:\/\/www.hirtenberg-apotheke.at\/katalog\/produkt\/fortimel-multifibre-200-erdbeer-24-stk\/"},"modified":"2025-12-02T20:34:55","modified_gmt":"2025-12-02T19:34:55","slug":"fortimel-multifibre-200-erdbeer-24-stk","status":"publish","type":"product","link":"https:\/\/www.hirtenberg-apotheke.at\/katalog\/produkt\/fortimel-multifibre-200-erdbeer-24-stk\/","title":{"rendered":"Fortimel Multifibre 200 Erdbeer 24 Stk."},"content":{"rendered":"<p>Fortimel bietet Patienten, die mehr Kalorien und N\u00e4hrstoffe ben\u00f6tigen, als sie \u00fcber die normale Kost aufnehmen k\u00f6nnen, eine vielf\u00e4ltige Auswahl an wohlschmeckenden Trinknahrungen.<\/p>\n","protected":false},"excerpt":{"rendered":"<p>Fortimel bietet Patienten, die mehr Kalorien und N\u00e4hrstoffe ben\u00f6tigen, als sie \u00fcber die normale Kost aufnehmen k\u00f6nnen, eine vielf\u00e4ltige Auswahl an wohlschmeckenden Trinknahrungen.<\/p>\n","protected":false},"featured_media":94445,"template":"","meta":{"_acf_changed":false},"product_brand":[943],"product_cat":[322],"product_tag":[],"class_list":{"0":"post-94443","1":"product","2":"type-product","3":"status-publish","4":"has-post-thumbnail","6":"product_brand-fortimel","7":"product_cat-f","8":"pa_packungsgroesse-24-stueck","10":"first","11":"instock","12":"shipping-taxable","13":"purchasable","14":"product-type-simple"},"acf":[],"_links":{"self":[{"href":"https:\/\/www.hirtenberg-apotheke.at\/katalog\/wp-json\/wp\/v2\/product\/94443","targetHints":{"allow":["GET"]}}],"collection":[{"href":"https:\/\/www.hirtenberg-apotheke.at\/katalog\/wp-json\/wp\/v2\/product"}],"about":[{"href":"https:\/\/www.hirtenberg-apotheke.at\/katalog\/wp-json\/wp\/v2\/types\/product"}],"wp:featuredmedia":[{"embeddable":true,"href":"https:\/\/www.hirtenberg-apotheke.at\/katalog\/wp-json\/wp\/v2\/media\/94445"}],"wp:attachment":[{"href":"https:\/\/www.hirtenberg-apotheke.at\/katalog\/wp-json\/wp\/v2\/media?parent=94443"}],"wp:term":[{"taxonomy":"product_brand","embeddable":true,"href":"https:\/\/www.hirtenberg-apotheke.at\/katalog\/wp-json\/wp\/v2\/product_brand?post=94443"},{"taxonomy":"product_cat","embeddable":true,"href":"https:\/\/www.hirtenberg-apotheke.at\/katalog\/wp-json\/wp\/v2\/product_cat?post=94443"},{"taxonomy":"product_tag","embeddable":true,"href":"https:\/\/www.hirtenberg-apotheke.at\/katalog\/wp-json\/wp\/v2\/product_tag?post=94443"}],"curies":[{"name":"wp","href":"https:\/\/api.w.org\/{rel}","templated":true}]}}