{"id":94466,"date":"2025-12-02T20:35:41","date_gmt":"2025-12-02T19:35:41","guid":{"rendered":"https:\/\/www.hirtenberg-apotheke.at\/katalog\/produkt\/exmonte-fuss-creme-ohne-paraffine-100-ml\/"},"modified":"2025-12-02T20:35:45","modified_gmt":"2025-12-02T19:35:45","slug":"exmonte-fuss-creme-ohne-paraffine-100-ml","status":"publish","type":"product","link":"https:\/\/www.hirtenberg-apotheke.at\/katalog\/produkt\/exmonte-fuss-creme-ohne-paraffine-100-ml\/","title":{"rendered":"Exmonte Fu\u00df Creme ohne Paraffine 100 ml"},"content":{"rendered":"<p>Exmonte Fu\u00df Creme ohne Paraffine wurde speziell f\u00fcr die Pflege sehr trockener und zur Verhornung neigender Haut entwickelt. Die enthaltenen Inhaltsstoffe spenden die n\u00f6tige Feuchtigkeit und sorgen daf\u00fcr, dass die Creme schnell einzieht und somit die Feuchtigkeitsaufnahme intensiviert wird. Die Haut wird elastischer und gleichzeitig wirkungsvoll gesch\u00fctzt.<\/p>\n","protected":false},"excerpt":{"rendered":"<p>Exmonte Fu\u00df Creme ohne Paraffine wurde speziell f\u00fcr die Pflege sehr trockener und zur Verhornung neigender Haut entwickelt. Die enthaltenen Inhaltsstoffe spenden die n\u00f6tige Feuchtigkeit und sorgen daf\u00fcr, dass die Creme schnell einzieht und somit die Feuchtigkeitsaufnahme intensiviert wird. Die Haut wird elastischer und gleichzeitig wirkungsvoll gesch\u00fctzt.<\/p>\n","protected":false},"featured_media":94468,"template":"","meta":{"_acf_changed":false},"product_brand":[],"product_cat":[307],"product_tag":[],"class_list":{"0":"post-94466","1":"product","2":"type-product","3":"status-publish","4":"has-post-thumbnail","6":"product_cat-e","7":"pa_packungsgroesse-100ml","9":"first","10":"instock","11":"shipping-taxable","12":"purchasable","13":"product-type-simple"},"acf":[],"_links":{"self":[{"href":"https:\/\/www.hirtenberg-apotheke.at\/katalog\/wp-json\/wp\/v2\/product\/94466","targetHints":{"allow":["GET"]}}],"collection":[{"href":"https:\/\/www.hirtenberg-apotheke.at\/katalog\/wp-json\/wp\/v2\/product"}],"about":[{"href":"https:\/\/www.hirtenberg-apotheke.at\/katalog\/wp-json\/wp\/v2\/types\/product"}],"wp:featuredmedia":[{"embeddable":true,"href":"https:\/\/www.hirtenberg-apotheke.at\/katalog\/wp-json\/wp\/v2\/media\/94468"}],"wp:attachment":[{"href":"https:\/\/www.hirtenberg-apotheke.at\/katalog\/wp-json\/wp\/v2\/media?parent=94466"}],"wp:term":[{"taxonomy":"product_brand","embeddable":true,"href":"https:\/\/www.hirtenberg-apotheke.at\/katalog\/wp-json\/wp\/v2\/product_brand?post=94466"},{"taxonomy":"product_cat","embeddable":true,"href":"https:\/\/www.hirtenberg-apotheke.at\/katalog\/wp-json\/wp\/v2\/product_cat?post=94466"},{"taxonomy":"product_tag","embeddable":true,"href":"https:\/\/www.hirtenberg-apotheke.at\/katalog\/wp-json\/wp\/v2\/product_tag?post=94466"}],"curies":[{"name":"wp","href":"https:\/\/api.w.org\/{rel}","templated":true}]}}