{"id":94469,"date":"2025-12-02T20:35:41","date_gmt":"2025-12-02T19:35:41","guid":{"rendered":"https:\/\/www.hirtenberg-apotheke.at\/katalog\/produkt\/dr-beckmann-gallseife-fest-100-g\/"},"modified":"2025-12-02T20:35:48","modified_gmt":"2025-12-02T19:35:48","slug":"dr-beckmann-gallseife-fest-100-g","status":"publish","type":"product","link":"https:\/\/www.hirtenberg-apotheke.at\/katalog\/produkt\/dr-beckmann-gallseife-fest-100-g\/","title":{"rendered":"Dr. Beckmann Gallseife fest 100 g"},"content":{"rendered":"<p>Dr. Beckmann Gallseife fest ist ein bew\u00e4hrtes Mittel zur Fleckentfernung. Neben Flecken auf waschbaren Textilien k\u00f6nnen auch Verschmutzungen auf Teppichen und Polsterm\u00f6beln (Sofa, Couch, Autositze) entfernt werden.<\/p>\n","protected":false},"excerpt":{"rendered":"<p>Dr. Beckmann Gallseife fest ist ein bew\u00e4hrtes Mittel zur Fleckentfernung. Neben Flecken auf waschbaren Textilien k\u00f6nnen auch Verschmutzungen auf Teppichen und Polsterm\u00f6beln (Sofa, Couch, Autositze) entfernt werden.<\/p>\n","protected":false},"featured_media":94471,"template":"","meta":{"_acf_changed":false},"product_brand":[],"product_cat":[295],"product_tag":[],"class_list":{"0":"post-94469","1":"product","2":"type-product","3":"status-publish","4":"has-post-thumbnail","6":"product_cat-d","7":"pa_packungsgroesse-100g","9":"first","10":"instock","11":"shipping-taxable","12":"purchasable","13":"product-type-simple"},"acf":[],"_links":{"self":[{"href":"https:\/\/www.hirtenberg-apotheke.at\/katalog\/wp-json\/wp\/v2\/product\/94469","targetHints":{"allow":["GET"]}}],"collection":[{"href":"https:\/\/www.hirtenberg-apotheke.at\/katalog\/wp-json\/wp\/v2\/product"}],"about":[{"href":"https:\/\/www.hirtenberg-apotheke.at\/katalog\/wp-json\/wp\/v2\/types\/product"}],"wp:featuredmedia":[{"embeddable":true,"href":"https:\/\/www.hirtenberg-apotheke.at\/katalog\/wp-json\/wp\/v2\/media\/94471"}],"wp:attachment":[{"href":"https:\/\/www.hirtenberg-apotheke.at\/katalog\/wp-json\/wp\/v2\/media?parent=94469"}],"wp:term":[{"taxonomy":"product_brand","embeddable":true,"href":"https:\/\/www.hirtenberg-apotheke.at\/katalog\/wp-json\/wp\/v2\/product_brand?post=94469"},{"taxonomy":"product_cat","embeddable":true,"href":"https:\/\/www.hirtenberg-apotheke.at\/katalog\/wp-json\/wp\/v2\/product_cat?post=94469"},{"taxonomy":"product_tag","embeddable":true,"href":"https:\/\/www.hirtenberg-apotheke.at\/katalog\/wp-json\/wp\/v2\/product_tag?post=94469"}],"curies":[{"name":"wp","href":"https:\/\/api.w.org\/{rel}","templated":true}]}}