{"id":94478,"date":"2025-12-02T20:35:52","date_gmt":"2025-12-02T19:35:52","guid":{"rendered":"https:\/\/www.hirtenberg-apotheke.at\/katalog\/produkt\/gehwol-nagelmassage-creme-15-ml\/"},"modified":"2025-12-02T20:35:59","modified_gmt":"2025-12-02T19:35:59","slug":"gehwol-nagelmassage-creme-15-ml","status":"publish","type":"product","link":"https:\/\/www.hirtenberg-apotheke.at\/katalog\/produkt\/gehwol-nagelmassage-creme-15-ml\/","title":{"rendered":"Gehwol Nagelmassage-Creme 15 ml"},"content":{"rendered":"<p>Verwenden Sie Gehwol Nagelmasse zur Versch\u00f6nerung, zum Schutz und f\u00fcr die Reparatur der Zehen- und Fingern\u00e4gel. Die Nagelmasse wird zur Gl\u00e4ttung unebener und zur Festigung eingerissener N\u00e4gel, zur Fixierung k\u00fcnstlicher N\u00e4gel und zum Schutz vor Nagelpilz verwendet.<\/p>\n","protected":false},"excerpt":{"rendered":"<p>Verwenden Sie Gehwol Nagelmasse zur Versch\u00f6nerung, zum Schutz und f\u00fcr die Reparatur der Zehen- und Fingern\u00e4gel. Die Nagelmasse wird zur Gl\u00e4ttung unebener und zur Festigung eingerissener N\u00e4gel, zur Fixierung k\u00fcnstlicher N\u00e4gel und zum Schutz vor Nagelpilz verwendet.<\/p>\n","protected":false},"featured_media":94480,"template":"","meta":{"_acf_changed":false},"product_brand":[755],"product_cat":[328],"product_tag":[],"class_list":{"0":"post-94478","1":"product","2":"type-product","3":"status-publish","4":"has-post-thumbnail","6":"product_brand-gehwol","7":"product_cat-g","8":"pa_packungsgroesse-15ml","10":"first","11":"instock","12":"shipping-taxable","13":"purchasable","14":"product-type-simple"},"acf":[],"_links":{"self":[{"href":"https:\/\/www.hirtenberg-apotheke.at\/katalog\/wp-json\/wp\/v2\/product\/94478","targetHints":{"allow":["GET"]}}],"collection":[{"href":"https:\/\/www.hirtenberg-apotheke.at\/katalog\/wp-json\/wp\/v2\/product"}],"about":[{"href":"https:\/\/www.hirtenberg-apotheke.at\/katalog\/wp-json\/wp\/v2\/types\/product"}],"wp:featuredmedia":[{"embeddable":true,"href":"https:\/\/www.hirtenberg-apotheke.at\/katalog\/wp-json\/wp\/v2\/media\/94480"}],"wp:attachment":[{"href":"https:\/\/www.hirtenberg-apotheke.at\/katalog\/wp-json\/wp\/v2\/media?parent=94478"}],"wp:term":[{"taxonomy":"product_brand","embeddable":true,"href":"https:\/\/www.hirtenberg-apotheke.at\/katalog\/wp-json\/wp\/v2\/product_brand?post=94478"},{"taxonomy":"product_cat","embeddable":true,"href":"https:\/\/www.hirtenberg-apotheke.at\/katalog\/wp-json\/wp\/v2\/product_cat?post=94478"},{"taxonomy":"product_tag","embeddable":true,"href":"https:\/\/www.hirtenberg-apotheke.at\/katalog\/wp-json\/wp\/v2\/product_tag?post=94478"}],"curies":[{"name":"wp","href":"https:\/\/api.w.org\/{rel}","templated":true}]}}