{"id":94481,"date":"2025-12-02T20:35:52","date_gmt":"2025-12-02T19:35:52","guid":{"rendered":"https:\/\/www.hirtenberg-apotheke.at\/katalog\/produkt\/gehwol-vorfuss-und-ballenpolster-gross-1-stk\/"},"modified":"2025-12-02T20:36:15","modified_gmt":"2025-12-02T19:36:15","slug":"gehwol-vorfuss-und-ballenpolster-gross-1-stk","status":"publish","type":"product","link":"https:\/\/www.hirtenberg-apotheke.at\/katalog\/produkt\/gehwol-vorfuss-und-ballenpolster-gross-1-stk\/","title":{"rendered":"GEHWOL Vorfu\u00df- und Ballenpolster gro\u00df 1 Stk."},"content":{"rendered":"<p>Das Polster sorgt f\u00fcr sofortige Linderung von Druckschmerzen sowie Druckverteilung und bietet unmittelbaren Schutz und Entlastung. Dank der speziellen Form passt es in jeden Schuh und bietet einen hohen Tragekomfort. Die Fixierung am gro\u00dfen Zeh sorgt f\u00fcr eine perfekte Positionierung am Fu\u00df und verhindert m\u00f6gliches Verrutschen.<\/p>\n","protected":false},"excerpt":{"rendered":"<p>Das Polster sorgt f\u00fcr sofortige Linderung von Druckschmerzen sowie Druckverteilung und bietet unmittelbaren Schutz und Entlastung. Dank der speziellen Form passt es in jeden Schuh und bietet einen hohen Tragekomfort. Die Fixierung am gro\u00dfen Zeh sorgt f\u00fcr eine perfekte Positionierung am Fu\u00df und verhindert m\u00f6gliches Verrutschen.<\/p>\n","protected":false},"featured_media":94483,"template":"","meta":{"_acf_changed":false},"product_brand":[755],"product_cat":[328],"product_tag":[],"class_list":{"0":"post-94481","1":"product","2":"type-product","3":"status-publish","4":"has-post-thumbnail","6":"product_brand-gehwol","7":"product_cat-g","8":"pa_packungsgroesse-1-stueck","10":"first","11":"instock","12":"shipping-taxable","13":"purchasable","14":"product-type-simple"},"acf":[],"_links":{"self":[{"href":"https:\/\/www.hirtenberg-apotheke.at\/katalog\/wp-json\/wp\/v2\/product\/94481","targetHints":{"allow":["GET"]}}],"collection":[{"href":"https:\/\/www.hirtenberg-apotheke.at\/katalog\/wp-json\/wp\/v2\/product"}],"about":[{"href":"https:\/\/www.hirtenberg-apotheke.at\/katalog\/wp-json\/wp\/v2\/types\/product"}],"wp:featuredmedia":[{"embeddable":true,"href":"https:\/\/www.hirtenberg-apotheke.at\/katalog\/wp-json\/wp\/v2\/media\/94483"}],"wp:attachment":[{"href":"https:\/\/www.hirtenberg-apotheke.at\/katalog\/wp-json\/wp\/v2\/media?parent=94481"}],"wp:term":[{"taxonomy":"product_brand","embeddable":true,"href":"https:\/\/www.hirtenberg-apotheke.at\/katalog\/wp-json\/wp\/v2\/product_brand?post=94481"},{"taxonomy":"product_cat","embeddable":true,"href":"https:\/\/www.hirtenberg-apotheke.at\/katalog\/wp-json\/wp\/v2\/product_cat?post=94481"},{"taxonomy":"product_tag","embeddable":true,"href":"https:\/\/www.hirtenberg-apotheke.at\/katalog\/wp-json\/wp\/v2\/product_tag?post=94481"}],"curies":[{"name":"wp","href":"https:\/\/api.w.org\/{rel}","templated":true}]}}