{"id":9482,"date":"2025-11-25T13:57:46","date_gmt":"2025-11-25T12:57:46","guid":{"rendered":"https:\/\/www.hirtenberg-apotheke.at\/katalog\/produkt\/dr-boehm-knoblauch-superplus-dragees-30-stk\/"},"modified":"2025-11-25T13:58:13","modified_gmt":"2025-11-25T12:58:13","slug":"dr-boehm-knoblauch-superplus-dragees-30-stk","status":"publish","type":"product","link":"https:\/\/www.hirtenberg-apotheke.at\/katalog\/produkt\/dr-boehm-knoblauch-superplus-dragees-30-stk\/","title":{"rendered":"Dr. B\u00f6hm Knoblauch Superplus Dragees 30 Stk."},"content":{"rendered":"<p>Dr. B\u00f6hm Knoblauch Superplus Dragees f\u00f6rdern das Ged\u00e4chtnis und sorgen f\u00fcr geistige und k\u00f6rperliche Vitalit\u00e4t bis ins hohe Alter. Zus\u00e4tzlich hat der enthaltene Knoblauch auch auf Cholesterin und Blutfette einen g\u00fcnstigen Einfluss.<\/p>\n","protected":false},"excerpt":{"rendered":"<p>Dr. B\u00f6hm Knoblauch Superplus Dragees f\u00f6rdern das Ged\u00e4chtnis und sorgen f\u00fcr geistige und k\u00f6rperliche Vitalit\u00e4t bis ins hohe Alter. Zus\u00e4tzlich hat der enthaltene Knoblauch auch auf Cholesterin und Blutfette einen g\u00fcnstigen Einfluss.<\/p>\n","protected":false},"featured_media":9484,"template":"","meta":{"_acf_changed":false},"product_brand":[294],"product_cat":[295],"product_tag":[],"class_list":{"0":"post-9482","1":"product","2":"type-product","3":"status-publish","4":"has-post-thumbnail","6":"product_brand-dr-boehm","7":"product_cat-d","8":"pa_packungsgroesse-30-stueck","10":"first","11":"instock","12":"shipping-taxable","13":"purchasable","14":"product-type-simple"},"acf":[],"_links":{"self":[{"href":"https:\/\/www.hirtenberg-apotheke.at\/katalog\/wp-json\/wp\/v2\/product\/9482","targetHints":{"allow":["GET"]}}],"collection":[{"href":"https:\/\/www.hirtenberg-apotheke.at\/katalog\/wp-json\/wp\/v2\/product"}],"about":[{"href":"https:\/\/www.hirtenberg-apotheke.at\/katalog\/wp-json\/wp\/v2\/types\/product"}],"wp:featuredmedia":[{"embeddable":true,"href":"https:\/\/www.hirtenberg-apotheke.at\/katalog\/wp-json\/wp\/v2\/media\/9484"}],"wp:attachment":[{"href":"https:\/\/www.hirtenberg-apotheke.at\/katalog\/wp-json\/wp\/v2\/media?parent=9482"}],"wp:term":[{"taxonomy":"product_brand","embeddable":true,"href":"https:\/\/www.hirtenberg-apotheke.at\/katalog\/wp-json\/wp\/v2\/product_brand?post=9482"},{"taxonomy":"product_cat","embeddable":true,"href":"https:\/\/www.hirtenberg-apotheke.at\/katalog\/wp-json\/wp\/v2\/product_cat?post=9482"},{"taxonomy":"product_tag","embeddable":true,"href":"https:\/\/www.hirtenberg-apotheke.at\/katalog\/wp-json\/wp\/v2\/product_tag?post=9482"}],"curies":[{"name":"wp","href":"https:\/\/api.w.org\/{rel}","templated":true}]}}