{"id":95144,"date":"2025-12-02T20:48:31","date_gmt":"2025-12-02T19:48:31","guid":{"rendered":"https:\/\/www.hirtenberg-apotheke.at\/katalog\/produkt\/weleda-formica-d-3-dilutum-50-ml-d-3-dilutum\/"},"modified":"2025-12-02T20:48:33","modified_gmt":"2025-12-02T19:48:33","slug":"weleda-formica-d-3-dilutum-50-ml-d-3-dilutum","status":"publish","type":"product","link":"https:\/\/www.hirtenberg-apotheke.at\/katalog\/produkt\/weleda-formica-d-3-dilutum-50-ml-d-3-dilutum\/","title":{"rendered":"Weleda Formica D 3 Dilutum 50 ml D 3 Dilutum"},"content":{"rendered":"<p>Formica Weleda dient zur Anregung und Strukturierung von Stoffwechselprozessen bei gesteigerter Ablagerungs- und Verh\u00e4rtungstendenz. So wird das Produkt besonders bei chronisch-rheumatischen Erkrankungen, Gicht, Arthrose sowie Muskelverh\u00e4rtungen empfohlen. ist dieses Produkt als Dilution in den Potenzen D 4, D 12 und D 30 erh\u00e4ltlich.<\/p>\n","protected":false},"excerpt":{"rendered":"<p>Formica Weleda dient zur Anregung und Strukturierung von Stoffwechselprozessen bei gesteigerter Ablagerungs- und Verh\u00e4rtungstendenz. So wird das Produkt besonders bei chronisch-rheumatischen Erkrankungen, Gicht, Arthrose sowie Muskelverh\u00e4rtungen empfohlen. ist dieses Produkt als Dilution in den Potenzen D 4, D 12 und D 30 erh\u00e4ltlich.<\/p>\n","protected":false},"featured_media":0,"template":"","meta":{"_acf_changed":false},"product_brand":[554],"product_cat":[368],"product_tag":[],"class_list":{"0":"post-95144","1":"product","2":"type-product","3":"status-publish","5":"product_brand-weleda","6":"product_cat-w","7":"pa_packungsgroesse-50ml","9":"first","10":"instock","11":"shipping-taxable","12":"purchasable","13":"product-type-simple"},"acf":[],"_links":{"self":[{"href":"https:\/\/www.hirtenberg-apotheke.at\/katalog\/wp-json\/wp\/v2\/product\/95144","targetHints":{"allow":["GET"]}}],"collection":[{"href":"https:\/\/www.hirtenberg-apotheke.at\/katalog\/wp-json\/wp\/v2\/product"}],"about":[{"href":"https:\/\/www.hirtenberg-apotheke.at\/katalog\/wp-json\/wp\/v2\/types\/product"}],"wp:attachment":[{"href":"https:\/\/www.hirtenberg-apotheke.at\/katalog\/wp-json\/wp\/v2\/media?parent=95144"}],"wp:term":[{"taxonomy":"product_brand","embeddable":true,"href":"https:\/\/www.hirtenberg-apotheke.at\/katalog\/wp-json\/wp\/v2\/product_brand?post=95144"},{"taxonomy":"product_cat","embeddable":true,"href":"https:\/\/www.hirtenberg-apotheke.at\/katalog\/wp-json\/wp\/v2\/product_cat?post=95144"},{"taxonomy":"product_tag","embeddable":true,"href":"https:\/\/www.hirtenberg-apotheke.at\/katalog\/wp-json\/wp\/v2\/product_tag?post=95144"}],"curies":[{"name":"wp","href":"https:\/\/api.w.org\/{rel}","templated":true}]}}