{"id":95303,"date":"2025-12-02T20:51:56","date_gmt":"2025-12-02T19:51:56","guid":{"rendered":"https:\/\/www.hirtenberg-apotheke.at\/katalog\/produkt\/huebner-gefaess-aktiv-180-g\/"},"modified":"2025-12-02T20:52:20","modified_gmt":"2025-12-02T19:52:20","slug":"huebner-gefaess-aktiv-180-g","status":"publish","type":"product","link":"https:\/\/www.hirtenberg-apotheke.at\/katalog\/produkt\/huebner-gefaess-aktiv-180-g\/","title":{"rendered":"H\u00fcbner Gef\u00e4\u00df Aktiv 180 g"},"content":{"rendered":"<p>H\u00fcbner Gef\u00e4\u00df Aktiv ist eine erg\u00e4nzende bilanzierte Di\u00e4t zur di\u00e4tetischen Behandlung von Arteriosklerose (Adernverkalkung), gef\u00e4\u00dfbedingtem Bluthochdruck und Diabetiker-Durchblutungsst\u00f6rungen.<\/p>\n","protected":false},"excerpt":{"rendered":"<p>H\u00fcbner Gef\u00e4\u00df Aktiv ist eine erg\u00e4nzende bilanzierte Di\u00e4t zur di\u00e4tetischen Behandlung von Arteriosklerose (Adernverkalkung), gef\u00e4\u00dfbedingtem Bluthochdruck und Diabetiker-Durchblutungsst\u00f6rungen.<\/p>\n","protected":false},"featured_media":95305,"template":"","meta":{"_acf_changed":false},"product_brand":[],"product_cat":[330],"product_tag":[],"class_list":{"0":"post-95303","1":"product","2":"type-product","3":"status-publish","4":"has-post-thumbnail","6":"product_cat-h","7":"pa_packungsgroesse-180g","9":"first","10":"instock","11":"shipping-taxable","12":"purchasable","13":"product-type-simple"},"acf":[],"_links":{"self":[{"href":"https:\/\/www.hirtenberg-apotheke.at\/katalog\/wp-json\/wp\/v2\/product\/95303","targetHints":{"allow":["GET"]}}],"collection":[{"href":"https:\/\/www.hirtenberg-apotheke.at\/katalog\/wp-json\/wp\/v2\/product"}],"about":[{"href":"https:\/\/www.hirtenberg-apotheke.at\/katalog\/wp-json\/wp\/v2\/types\/product"}],"wp:featuredmedia":[{"embeddable":true,"href":"https:\/\/www.hirtenberg-apotheke.at\/katalog\/wp-json\/wp\/v2\/media\/95305"}],"wp:attachment":[{"href":"https:\/\/www.hirtenberg-apotheke.at\/katalog\/wp-json\/wp\/v2\/media?parent=95303"}],"wp:term":[{"taxonomy":"product_brand","embeddable":true,"href":"https:\/\/www.hirtenberg-apotheke.at\/katalog\/wp-json\/wp\/v2\/product_brand?post=95303"},{"taxonomy":"product_cat","embeddable":true,"href":"https:\/\/www.hirtenberg-apotheke.at\/katalog\/wp-json\/wp\/v2\/product_cat?post=95303"},{"taxonomy":"product_tag","embeddable":true,"href":"https:\/\/www.hirtenberg-apotheke.at\/katalog\/wp-json\/wp\/v2\/product_tag?post=95303"}],"curies":[{"name":"wp","href":"https:\/\/api.w.org\/{rel}","templated":true}]}}