{"id":95360,"date":"2025-12-02T20:53:02","date_gmt":"2025-12-02T19:53:02","guid":{"rendered":"https:\/\/www.hirtenberg-apotheke.at\/katalog\/produkt\/gall-pharma-ginkgo-biloba-plus-q10-kapseln-60-stk\/"},"modified":"2025-12-02T20:53:08","modified_gmt":"2025-12-02T19:53:08","slug":"gall-pharma-ginkgo-biloba-plus-q10-kapseln-60-stk","status":"publish","type":"product","link":"https:\/\/www.hirtenberg-apotheke.at\/katalog\/produkt\/gall-pharma-ginkgo-biloba-plus-q10-kapseln-60-stk\/","title":{"rendered":"Gall Pharma Ginkgo Biloba plus Q10 Kapseln 60 Stk."},"content":{"rendered":"<p>Gall Pharma Ginkgo Biloba plus Q10 Kapseln enthalten 160 mg Ginkgo biloba-Extrakt und 30 mg naturidentes Coenzym Q-10 in einer Hartgelatinekapsel. Diese Kapseln f\u00f6rdern die Ged\u00e4chtnisfunktion und verbessern die Konzentration. Au\u00dferdem regen sie die Durchblutung an und versorgen die Zellen mit Sauerstoff und Energie.<\/p>\n","protected":false},"excerpt":{"rendered":"<p>Gall Pharma Ginkgo Biloba plus Q10 Kapseln enthalten 160 mg Ginkgo biloba-Extrakt und 30 mg naturidentes Coenzym Q-10 in einer Hartgelatinekapsel. Diese Kapseln f\u00f6rdern die Ged\u00e4chtnisfunktion und verbessern die Konzentration. Au\u00dferdem regen sie die Durchblutung an und versorgen die Zellen mit Sauerstoff und Energie.<\/p>\n","protected":false},"featured_media":95362,"template":"","meta":{"_acf_changed":false},"product_brand":[],"product_cat":[328],"product_tag":[],"class_list":{"0":"post-95360","1":"product","2":"type-product","3":"status-publish","4":"has-post-thumbnail","6":"product_cat-g","7":"pa_packungsgroesse-60-stueck","9":"first","10":"instock","11":"shipping-taxable","12":"purchasable","13":"product-type-simple"},"acf":[],"_links":{"self":[{"href":"https:\/\/www.hirtenberg-apotheke.at\/katalog\/wp-json\/wp\/v2\/product\/95360","targetHints":{"allow":["GET"]}}],"collection":[{"href":"https:\/\/www.hirtenberg-apotheke.at\/katalog\/wp-json\/wp\/v2\/product"}],"about":[{"href":"https:\/\/www.hirtenberg-apotheke.at\/katalog\/wp-json\/wp\/v2\/types\/product"}],"wp:featuredmedia":[{"embeddable":true,"href":"https:\/\/www.hirtenberg-apotheke.at\/katalog\/wp-json\/wp\/v2\/media\/95362"}],"wp:attachment":[{"href":"https:\/\/www.hirtenberg-apotheke.at\/katalog\/wp-json\/wp\/v2\/media?parent=95360"}],"wp:term":[{"taxonomy":"product_brand","embeddable":true,"href":"https:\/\/www.hirtenberg-apotheke.at\/katalog\/wp-json\/wp\/v2\/product_brand?post=95360"},{"taxonomy":"product_cat","embeddable":true,"href":"https:\/\/www.hirtenberg-apotheke.at\/katalog\/wp-json\/wp\/v2\/product_cat?post=95360"},{"taxonomy":"product_tag","embeddable":true,"href":"https:\/\/www.hirtenberg-apotheke.at\/katalog\/wp-json\/wp\/v2\/product_tag?post=95360"}],"curies":[{"name":"wp","href":"https:\/\/api.w.org\/{rel}","templated":true}]}}