{"id":95363,"date":"2025-12-02T20:53:02","date_gmt":"2025-12-02T19:53:02","guid":{"rendered":"https:\/\/www.hirtenberg-apotheke.at\/katalog\/produkt\/life-light-ginkgo-kraeuterdestillat-50-ml\/"},"modified":"2025-12-02T20:53:12","modified_gmt":"2025-12-02T19:53:12","slug":"life-light-ginkgo-kraeuterdestillat-50-ml","status":"publish","type":"product","link":"https:\/\/www.hirtenberg-apotheke.at\/katalog\/produkt\/life-light-ginkgo-kraeuterdestillat-50-ml\/","title":{"rendered":"Life Light Ginkgo Kr\u00e4uterdestillat 50 ml"},"content":{"rendered":"<p>Life Light Ginkgo Kr\u00e4uterdestillat ist ein ganzheitliches Kr\u00e4uterdestillat aus frischen, handverlesenen Ginkgo biloba Bl\u00e4ttern. Ginkgo verbessert die Ged\u00e4chtnisleistung und das Lernverm\u00f6gen. Zudem f\u00f6rdert es die Durchblutung und verbessert die Flie\u00dfeigenschaften des Bluts.<\/p>\n","protected":false},"excerpt":{"rendered":"<p>Life Light Ginkgo Kr\u00e4uterdestillat ist ein ganzheitliches Kr\u00e4uterdestillat aus frischen, handverlesenen Ginkgo biloba Bl\u00e4ttern. Ginkgo verbessert die Ged\u00e4chtnisleistung und das Lernverm\u00f6gen. Zudem f\u00f6rdert es die Durchblutung und verbessert die Flie\u00dfeigenschaften des Bluts.<\/p>\n","protected":false},"featured_media":95365,"template":"","meta":{"_acf_changed":false},"product_brand":[],"product_cat":[317],"product_tag":[],"class_list":{"0":"post-95363","1":"product","2":"type-product","3":"status-publish","4":"has-post-thumbnail","6":"product_cat-l","7":"pa_packungsgroesse-50ml","9":"first","10":"instock","11":"shipping-taxable","12":"purchasable","13":"product-type-simple"},"acf":[],"_links":{"self":[{"href":"https:\/\/www.hirtenberg-apotheke.at\/katalog\/wp-json\/wp\/v2\/product\/95363","targetHints":{"allow":["GET"]}}],"collection":[{"href":"https:\/\/www.hirtenberg-apotheke.at\/katalog\/wp-json\/wp\/v2\/product"}],"about":[{"href":"https:\/\/www.hirtenberg-apotheke.at\/katalog\/wp-json\/wp\/v2\/types\/product"}],"wp:featuredmedia":[{"embeddable":true,"href":"https:\/\/www.hirtenberg-apotheke.at\/katalog\/wp-json\/wp\/v2\/media\/95365"}],"wp:attachment":[{"href":"https:\/\/www.hirtenberg-apotheke.at\/katalog\/wp-json\/wp\/v2\/media?parent=95363"}],"wp:term":[{"taxonomy":"product_brand","embeddable":true,"href":"https:\/\/www.hirtenberg-apotheke.at\/katalog\/wp-json\/wp\/v2\/product_brand?post=95363"},{"taxonomy":"product_cat","embeddable":true,"href":"https:\/\/www.hirtenberg-apotheke.at\/katalog\/wp-json\/wp\/v2\/product_cat?post=95363"},{"taxonomy":"product_tag","embeddable":true,"href":"https:\/\/www.hirtenberg-apotheke.at\/katalog\/wp-json\/wp\/v2\/product_tag?post=95363"}],"curies":[{"name":"wp","href":"https:\/\/api.w.org\/{rel}","templated":true}]}}