{"id":95398,"date":"2025-12-02T20:54:10","date_gmt":"2025-12-02T19:54:10","guid":{"rendered":"https:\/\/www.hirtenberg-apotheke.at\/katalog\/produkt\/glycowohl-extra-kapseln-90-stk\/"},"modified":"2025-12-02T20:54:31","modified_gmt":"2025-12-02T19:54:31","slug":"glycowohl-extra-kapseln-90-stk","status":"publish","type":"product","link":"https:\/\/www.hirtenberg-apotheke.at\/katalog\/produkt\/glycowohl-extra-kapseln-90-stk\/","title":{"rendered":"Glycowohl extra Kapseln 90 Stk."},"content":{"rendered":"<p>Glycowohl extra Kapseln ist ein hochdosiertes Nahrungserg\u00e4nzungsmittel mit wichtigen Mikron\u00e4hrstoffen und wertvollen Pflanzenextrakten, f\u00fcr alle die auf Ihren Blutzucker achten.<\/p>\n","protected":false},"excerpt":{"rendered":"<p>Glycowohl extra Kapseln ist ein hochdosiertes Nahrungserg\u00e4nzungsmittel mit wichtigen Mikron\u00e4hrstoffen und wertvollen Pflanzenextrakten, f\u00fcr alle die auf Ihren Blutzucker achten.<\/p>\n","protected":false},"featured_media":95400,"template":"","meta":{"_acf_changed":false},"product_brand":[],"product_cat":[328],"product_tag":[],"class_list":{"0":"post-95398","1":"product","2":"type-product","3":"status-publish","4":"has-post-thumbnail","6":"product_cat-g","7":"pa_packungsgroesse-90-stueck","9":"first","10":"instock","11":"shipping-taxable","12":"purchasable","13":"product-type-simple"},"acf":[],"_links":{"self":[{"href":"https:\/\/www.hirtenberg-apotheke.at\/katalog\/wp-json\/wp\/v2\/product\/95398","targetHints":{"allow":["GET"]}}],"collection":[{"href":"https:\/\/www.hirtenberg-apotheke.at\/katalog\/wp-json\/wp\/v2\/product"}],"about":[{"href":"https:\/\/www.hirtenberg-apotheke.at\/katalog\/wp-json\/wp\/v2\/types\/product"}],"wp:featuredmedia":[{"embeddable":true,"href":"https:\/\/www.hirtenberg-apotheke.at\/katalog\/wp-json\/wp\/v2\/media\/95400"}],"wp:attachment":[{"href":"https:\/\/www.hirtenberg-apotheke.at\/katalog\/wp-json\/wp\/v2\/media?parent=95398"}],"wp:term":[{"taxonomy":"product_brand","embeddable":true,"href":"https:\/\/www.hirtenberg-apotheke.at\/katalog\/wp-json\/wp\/v2\/product_brand?post=95398"},{"taxonomy":"product_cat","embeddable":true,"href":"https:\/\/www.hirtenberg-apotheke.at\/katalog\/wp-json\/wp\/v2\/product_cat?post=95398"},{"taxonomy":"product_tag","embeddable":true,"href":"https:\/\/www.hirtenberg-apotheke.at\/katalog\/wp-json\/wp\/v2\/product_tag?post=95398"}],"curies":[{"name":"wp","href":"https:\/\/api.w.org\/{rel}","templated":true}]}}