{"id":95409,"date":"2025-12-02T20:54:10","date_gmt":"2025-12-02T19:54:10","guid":{"rendered":"https:\/\/www.hirtenberg-apotheke.at\/katalog\/produkt\/floramed-goldhirse-extrakt-haut-haare-naegel-60-kapseln\/"},"modified":"2025-12-02T20:54:39","modified_gmt":"2025-12-02T19:54:39","slug":"floramed-goldhirse-extrakt-haut-haare-naegel-60-kapseln","status":"publish","type":"product","link":"https:\/\/www.hirtenberg-apotheke.at\/katalog\/produkt\/floramed-goldhirse-extrakt-haut-haare-naegel-60-kapseln\/","title":{"rendered":"Floramed Goldhirse Extrakt &#8211; Haut, Haare, N\u00e4gel \u2013 60 Kapseln"},"content":{"rendered":"<p>Floramed Goldhirse Extrakt &#8211; Haut, Haare, N\u00e4gel \u2013 60 Kapseln enth\u00e4lt Zink, welches zur Erhaltung normaler Haare und N\u00e4gel beitr\u00e4gt. Silicium ist ein essentielles Spurenelement, das mit der Nahrung zugef\u00fchrt werden muss. Im K\u00f6rper findet es sich am h\u00e4ufigsten in den Wachstumszonen der Knochen, aber auch im Bindegewebe und in Haut, Haaren und N\u00e4geln. Eine gute Silicium-Versorgung aus nat\u00fcrlichen Quellen wie Goldhirse, Braunhirse, Schachtelhalm und deren Extrakte f\u00f6rdern die Kollagenbildung. Als Strukturprotein des Bindegewebes und der Haut ist Kollagen vor allem f\u00fcr die \u201eFestigkeit\u201c und die Elastizit\u00e4t des Gewebes verantwortlich. Silicium bewirkt die vermehrte Bildung von Hydroxyprolin, einem Hauptbestandteil des Hautkollagens .Health Claims &#8211; gesundheitsbezogene AussagenBiotin und Zink tragen zur Erhaltung normaler Haare beiZink tr\u00e4gt zur Erhaltung normaler N\u00e4gel beiVitamin B2, Vitamin C, Biotin und Zink tragen zur Erhaltung normaler Haut bei<\/p>\n","protected":false},"excerpt":{"rendered":"<p>Floramed Goldhirse Extrakt &#8211; Haut, Haare, N\u00e4gel \u2013 60 Kapseln enth\u00e4lt Zink, welches zur Erhaltung normaler Haare und N\u00e4gel beitr\u00e4gt. Silicium ist ein essentielles Spurenelement, das mit der Nahrung zugef\u00fchrt werden muss. Im K\u00f6rper findet es sich am h\u00e4ufigsten in den Wachstumszonen der Knochen, aber auch im Bindegewebe und in Haut, Haaren und N\u00e4geln. Eine [&hellip;]<\/p>\n","protected":false},"featured_media":95411,"template":"","meta":{"_acf_changed":false},"product_brand":[],"product_cat":[322],"product_tag":[],"class_list":{"0":"post-95409","1":"product","2":"type-product","3":"status-publish","4":"has-post-thumbnail","6":"product_cat-f","7":"pa_packungsgroesse-60-stueck","9":"first","10":"instock","11":"shipping-taxable","12":"purchasable","13":"product-type-simple"},"acf":[],"_links":{"self":[{"href":"https:\/\/www.hirtenberg-apotheke.at\/katalog\/wp-json\/wp\/v2\/product\/95409","targetHints":{"allow":["GET"]}}],"collection":[{"href":"https:\/\/www.hirtenberg-apotheke.at\/katalog\/wp-json\/wp\/v2\/product"}],"about":[{"href":"https:\/\/www.hirtenberg-apotheke.at\/katalog\/wp-json\/wp\/v2\/types\/product"}],"wp:featuredmedia":[{"embeddable":true,"href":"https:\/\/www.hirtenberg-apotheke.at\/katalog\/wp-json\/wp\/v2\/media\/95411"}],"wp:attachment":[{"href":"https:\/\/www.hirtenberg-apotheke.at\/katalog\/wp-json\/wp\/v2\/media?parent=95409"}],"wp:term":[{"taxonomy":"product_brand","embeddable":true,"href":"https:\/\/www.hirtenberg-apotheke.at\/katalog\/wp-json\/wp\/v2\/product_brand?post=95409"},{"taxonomy":"product_cat","embeddable":true,"href":"https:\/\/www.hirtenberg-apotheke.at\/katalog\/wp-json\/wp\/v2\/product_cat?post=95409"},{"taxonomy":"product_tag","embeddable":true,"href":"https:\/\/www.hirtenberg-apotheke.at\/katalog\/wp-json\/wp\/v2\/product_tag?post=95409"}],"curies":[{"name":"wp","href":"https:\/\/api.w.org\/{rel}","templated":true}]}}