{"id":95447,"date":"2025-12-02T20:55:37","date_gmt":"2025-12-02T19:55:37","guid":{"rendered":"https:\/\/www.hirtenberg-apotheke.at\/katalog\/produkt\/gum-sensivital-mundspuelung-300-ml\/"},"modified":"2025-12-02T20:55:43","modified_gmt":"2025-12-02T19:55:43","slug":"gum-sensivital-mundspuelung-300-ml","status":"publish","type":"product","link":"https:\/\/www.hirtenberg-apotheke.at\/katalog\/produkt\/gum-sensivital-mundspuelung-300-ml\/","title":{"rendered":"Gum SensiVital+ Mundsp\u00fclung 300 ml"},"content":{"rendered":"<p>F\u00fcr eine langanhaltende Milderung der Dentinhypersensibilit\u00e4t(bis zu 12 Stunden).Desensibilisiert mit Kaliumnitrat.St\u00e4rkt den Zahnschmelz und freiliegendes Dentindurch Fluorid (250ppm), Isomalt und Calciumglycerophosphat.F\u00fcr eine schonende Pflege.<\/p>\n","protected":false},"excerpt":{"rendered":"<p>F\u00fcr eine langanhaltende Milderung der Dentinhypersensibilit\u00e4t(bis zu 12 Stunden).Desensibilisiert mit Kaliumnitrat.St\u00e4rkt den Zahnschmelz und freiliegendes Dentindurch Fluorid (250ppm), Isomalt und Calciumglycerophosphat.F\u00fcr eine schonende Pflege.<\/p>\n","protected":false},"featured_media":95449,"template":"","meta":{"_acf_changed":false},"product_brand":[886],"product_cat":[328],"product_tag":[],"class_list":{"0":"post-95447","1":"product","2":"type-product","3":"status-publish","4":"has-post-thumbnail","6":"product_brand-g-u-m","7":"product_cat-g","8":"pa_packungsgroesse-300ml","10":"first","11":"instock","12":"shipping-taxable","13":"purchasable","14":"product-type-simple"},"acf":[],"_links":{"self":[{"href":"https:\/\/www.hirtenberg-apotheke.at\/katalog\/wp-json\/wp\/v2\/product\/95447","targetHints":{"allow":["GET"]}}],"collection":[{"href":"https:\/\/www.hirtenberg-apotheke.at\/katalog\/wp-json\/wp\/v2\/product"}],"about":[{"href":"https:\/\/www.hirtenberg-apotheke.at\/katalog\/wp-json\/wp\/v2\/types\/product"}],"wp:featuredmedia":[{"embeddable":true,"href":"https:\/\/www.hirtenberg-apotheke.at\/katalog\/wp-json\/wp\/v2\/media\/95449"}],"wp:attachment":[{"href":"https:\/\/www.hirtenberg-apotheke.at\/katalog\/wp-json\/wp\/v2\/media?parent=95447"}],"wp:term":[{"taxonomy":"product_brand","embeddable":true,"href":"https:\/\/www.hirtenberg-apotheke.at\/katalog\/wp-json\/wp\/v2\/product_brand?post=95447"},{"taxonomy":"product_cat","embeddable":true,"href":"https:\/\/www.hirtenberg-apotheke.at\/katalog\/wp-json\/wp\/v2\/product_cat?post=95447"},{"taxonomy":"product_tag","embeddable":true,"href":"https:\/\/www.hirtenberg-apotheke.at\/katalog\/wp-json\/wp\/v2\/product_tag?post=95447"}],"curies":[{"name":"wp","href":"https:\/\/api.w.org\/{rel}","templated":true}]}}