{"id":95570,"date":"2025-12-02T20:59:21","date_gmt":"2025-12-02T19:59:21","guid":{"rendered":"https:\/\/www.hirtenberg-apotheke.at\/katalog\/produkt\/hansaplast-erste-hilfe-pflaster-mix-1-stk\/"},"modified":"2025-12-02T20:59:41","modified_gmt":"2025-12-02T19:59:41","slug":"hansaplast-erste-hilfe-pflaster-mix-1-stk","status":"publish","type":"product","link":"https:\/\/www.hirtenberg-apotheke.at\/katalog\/produkt\/hansaplast-erste-hilfe-pflaster-mix-1-stk\/","title":{"rendered":"Hansaplast Erste Hilfe Pflaster Mix 1 Stk."},"content":{"rendered":"<p>Hansaplast Erste Hilfe Pflaster Mix &#8211; bietet optimalen Schutz im Alltag. 20 unterschiedliche Pflastergr\u00f6\u00dfen und -sorten, versorgen die unterschiedlichsten Bed\u00fcrfnisse &#8211; von Sch\u00fcrf- bis Schnittwunde. Es beinhaltet Sensitive (6), Universal (6), Aqua Protect (4) und Fingerstrips (4).<\/p>\n","protected":false},"excerpt":{"rendered":"<p>Hansaplast Erste Hilfe Pflaster Mix &#8211; bietet optimalen Schutz im Alltag. 20 unterschiedliche Pflastergr\u00f6\u00dfen und -sorten, versorgen die unterschiedlichsten Bed\u00fcrfnisse &#8211; von Sch\u00fcrf- bis Schnittwunde. Es beinhaltet Sensitive (6), Universal (6), Aqua Protect (4) und Fingerstrips (4).<\/p>\n","protected":false},"featured_media":0,"template":"","meta":{"_acf_changed":false},"product_brand":[470],"product_cat":[330],"product_tag":[],"class_list":{"0":"post-95570","1":"product","2":"type-product","3":"status-publish","5":"product_brand-hansaplast","6":"product_cat-h","7":"pa_packungsgroesse-20-stueck","9":"first","10":"instock","11":"shipping-taxable","12":"purchasable","13":"product-type-simple"},"acf":[],"_links":{"self":[{"href":"https:\/\/www.hirtenberg-apotheke.at\/katalog\/wp-json\/wp\/v2\/product\/95570","targetHints":{"allow":["GET"]}}],"collection":[{"href":"https:\/\/www.hirtenberg-apotheke.at\/katalog\/wp-json\/wp\/v2\/product"}],"about":[{"href":"https:\/\/www.hirtenberg-apotheke.at\/katalog\/wp-json\/wp\/v2\/types\/product"}],"wp:attachment":[{"href":"https:\/\/www.hirtenberg-apotheke.at\/katalog\/wp-json\/wp\/v2\/media?parent=95570"}],"wp:term":[{"taxonomy":"product_brand","embeddable":true,"href":"https:\/\/www.hirtenberg-apotheke.at\/katalog\/wp-json\/wp\/v2\/product_brand?post=95570"},{"taxonomy":"product_cat","embeddable":true,"href":"https:\/\/www.hirtenberg-apotheke.at\/katalog\/wp-json\/wp\/v2\/product_cat?post=95570"},{"taxonomy":"product_tag","embeddable":true,"href":"https:\/\/www.hirtenberg-apotheke.at\/katalog\/wp-json\/wp\/v2\/product_tag?post=95570"}],"curies":[{"name":"wp","href":"https:\/\/api.w.org\/{rel}","templated":true}]}}