{"id":95572,"date":"2025-12-02T20:59:40","date_gmt":"2025-12-02T19:59:40","guid":{"rendered":"https:\/\/www.hirtenberg-apotheke.at\/katalog\/produkt\/hansaplast-elastische-fixierbinde-4-m-x-8-cm\/"},"modified":"2025-12-02T20:59:46","modified_gmt":"2025-12-02T19:59:46","slug":"hansaplast-elastische-fixierbinde-4-m-x-8-cm","status":"publish","type":"product","link":"https:\/\/www.hirtenberg-apotheke.at\/katalog\/produkt\/hansaplast-elastische-fixierbinde-4-m-x-8-cm\/","title":{"rendered":"Hansaplast Elastische Fixierbinde 4 m x 8 cm"},"content":{"rendered":"<p>Hansaplast Elastische Fixierbinde befestigt und sch\u00fctzt zuverl\u00e4ssig Kompressen und Verb\u00e4nde mit hohem Tragekomfort<\/p>\n","protected":false},"excerpt":{"rendered":"<p>Hansaplast Elastische Fixierbinde befestigt und sch\u00fctzt zuverl\u00e4ssig Kompressen und Verb\u00e4nde mit hohem Tragekomfort<\/p>\n","protected":false},"featured_media":95574,"template":"","meta":{"_acf_changed":false},"product_brand":[470],"product_cat":[330],"product_tag":[],"class_list":{"0":"post-95572","1":"product","2":"type-product","3":"status-publish","4":"has-post-thumbnail","6":"product_brand-hansaplast","7":"product_cat-h","8":"pa_packungsgroesse-1-stueck","10":"first","11":"instock","12":"shipping-taxable","13":"purchasable","14":"product-type-simple"},"acf":[],"_links":{"self":[{"href":"https:\/\/www.hirtenberg-apotheke.at\/katalog\/wp-json\/wp\/v2\/product\/95572","targetHints":{"allow":["GET"]}}],"collection":[{"href":"https:\/\/www.hirtenberg-apotheke.at\/katalog\/wp-json\/wp\/v2\/product"}],"about":[{"href":"https:\/\/www.hirtenberg-apotheke.at\/katalog\/wp-json\/wp\/v2\/types\/product"}],"wp:featuredmedia":[{"embeddable":true,"href":"https:\/\/www.hirtenberg-apotheke.at\/katalog\/wp-json\/wp\/v2\/media\/95574"}],"wp:attachment":[{"href":"https:\/\/www.hirtenberg-apotheke.at\/katalog\/wp-json\/wp\/v2\/media?parent=95572"}],"wp:term":[{"taxonomy":"product_brand","embeddable":true,"href":"https:\/\/www.hirtenberg-apotheke.at\/katalog\/wp-json\/wp\/v2\/product_brand?post=95572"},{"taxonomy":"product_cat","embeddable":true,"href":"https:\/\/www.hirtenberg-apotheke.at\/katalog\/wp-json\/wp\/v2\/product_cat?post=95572"},{"taxonomy":"product_tag","embeddable":true,"href":"https:\/\/www.hirtenberg-apotheke.at\/katalog\/wp-json\/wp\/v2\/product_tag?post=95572"}],"curies":[{"name":"wp","href":"https:\/\/api.w.org\/{rel}","templated":true}]}}