{"id":95577,"date":"2025-12-02T20:59:40","date_gmt":"2025-12-02T19:59:40","guid":{"rendered":"https:\/\/www.hirtenberg-apotheke.at\/katalog\/produkt\/hansaplast-selbsthaftender-fingerverband-25-cm-x-5-m-blau-1-stk\/"},"modified":"2025-12-02T21:00:04","modified_gmt":"2025-12-02T20:00:04","slug":"hansaplast-selbsthaftender-fingerverband-25-cm-x-5-m-blau-1-stk","status":"publish","type":"product","link":"https:\/\/www.hirtenberg-apotheke.at\/katalog\/produkt\/hansaplast-selbsthaftender-fingerverband-25-cm-x-5-m-blau-1-stk\/","title":{"rendered":"Hansaplast selbsthaftender Fingerverband 2,5 cm x 5 m blau 1 Stk."},"content":{"rendered":"<p>Der selbsthaftende Fingerverband von Hansaplast ist ein elastischer Verband zur Fixierung von Wundauflagen. Dieser spezielle Fingerverband ist extra flexibel und angenehm zu tragen \u2013 schnell und einfach. Der Hansaplast Fingerverband ist wasserabweisend, atmungsaktiv und HACCP-geeignet und so ideal zur Versorgung kleiner Wunden in der K\u00fcche, im Hobby- und im Heimwerkerbereich. Der selbsthaftende Fingerverband ist au\u00dferdem Latexfrei und extra hautfreundlich. Nach dem Entfernen bleiben keine R\u00fcckst\u00e4nde auf der Haut.<\/p>\n","protected":false},"excerpt":{"rendered":"<p>Der selbsthaftende Fingerverband von Hansaplast ist ein elastischer Verband zur Fixierung von Wundauflagen. Dieser spezielle Fingerverband ist extra flexibel und angenehm zu tragen \u2013 schnell und einfach. Der Hansaplast Fingerverband ist wasserabweisend, atmungsaktiv und HACCP-geeignet und so ideal zur Versorgung kleiner Wunden in der K\u00fcche, im Hobby- und im Heimwerkerbereich. Der selbsthaftende Fingerverband ist au\u00dferdem [&hellip;]<\/p>\n","protected":false},"featured_media":95579,"template":"","meta":{"_acf_changed":false},"product_brand":[470],"product_cat":[330],"product_tag":[],"class_list":{"0":"post-95577","1":"product","2":"type-product","3":"status-publish","4":"has-post-thumbnail","6":"product_brand-hansaplast","7":"product_cat-h","8":"pa_packungsgroesse-1-stueck","10":"first","11":"instock","12":"shipping-taxable","13":"purchasable","14":"product-type-simple"},"acf":[],"_links":{"self":[{"href":"https:\/\/www.hirtenberg-apotheke.at\/katalog\/wp-json\/wp\/v2\/product\/95577","targetHints":{"allow":["GET"]}}],"collection":[{"href":"https:\/\/www.hirtenberg-apotheke.at\/katalog\/wp-json\/wp\/v2\/product"}],"about":[{"href":"https:\/\/www.hirtenberg-apotheke.at\/katalog\/wp-json\/wp\/v2\/types\/product"}],"wp:featuredmedia":[{"embeddable":true,"href":"https:\/\/www.hirtenberg-apotheke.at\/katalog\/wp-json\/wp\/v2\/media\/95579"}],"wp:attachment":[{"href":"https:\/\/www.hirtenberg-apotheke.at\/katalog\/wp-json\/wp\/v2\/media?parent=95577"}],"wp:term":[{"taxonomy":"product_brand","embeddable":true,"href":"https:\/\/www.hirtenberg-apotheke.at\/katalog\/wp-json\/wp\/v2\/product_brand?post=95577"},{"taxonomy":"product_cat","embeddable":true,"href":"https:\/\/www.hirtenberg-apotheke.at\/katalog\/wp-json\/wp\/v2\/product_cat?post=95577"},{"taxonomy":"product_tag","embeddable":true,"href":"https:\/\/www.hirtenberg-apotheke.at\/katalog\/wp-json\/wp\/v2\/product_tag?post=95577"}],"curies":[{"name":"wp","href":"https:\/\/api.w.org\/{rel}","templated":true}]}}